{"id":213576,"date":"2017-11-09T17:57:16","date_gmt":"2017-11-09T16:57:16","guid":{"rendered":"http:\/\/preweb.yachtwerft-bodensee.de\/?page_id=213576"},"modified":"2019-09-06T17:05:52","modified_gmt":"2019-09-06T15:05:52","slug":"partner-und-freunde-der-werft","status":"publish","type":"page","link":"http:\/\/www.yachtwerft-bodensee.de\/?page_id=213576","title":{"rendered":"Partner und Freunde der Werft"},"content":{"rendered":"<p>[et_pb_section fb_built=&#8220;1&#8243; _builder_version=&#8220;3.22.3&#8243; use_background_color_gradient=&#8220;on&#8220; background_color_gradient_start=&#8220;rgba(48,48,48,0.63)&#8220; background_color_gradient_end=&#8220;rgba(196,196,196,0)&#8220; background_color_gradient_type=&#8220;radial&#8220; background_color_gradient_end_position=&#8220;40%&#8220; background_color_gradient_overlays_image=&#8220;on&#8220; background_image=&#8220;http:\/\/preweb.yachtwerft-bodensee.de\/wp-content\/uploads\/2017\/11\/KK-Header_Flaggenparade.jpg&#8220;][et_pb_row module_class=&#8220; et_pb_row_fullwidth&#8220; _builder_version=&#8220;3.22.3&#8243; background_size=&#8220;initial&#8220; background_position=&#8220;top_left&#8220; background_repeat=&#8220;repeat&#8220; width=&#8220;89%&#8220; width_tablet=&#8220;80%&#8220; width_last_edited=&#8220;on|desktop&#8220; max_width=&#8220;89%&#8220; max_width_tablet=&#8220;80%&#8220; max_width_last_edited=&#8220;on|desktop&#8220; make_fullwidth=&#8220;on&#8220;][et_pb_column type=&#8220;4_4&#8243; _builder_version=&#8220;3.0.47&#8243;][et_pb_text _builder_version=&#8220;3.0.86&#8243; text_text_color=&#8220;#303030&#8243; text_text_shadow_style=&#8220;preset5&#8243; header_font=&#8220;|700|||||||&#8220; header_text_color=&#8220;#f7f7f7&#8243; header_font_size=&#8220;60px&#8220; header_line_height=&#8220;1.5em&#8220; header_text_shadow_style=&#8220;preset2&#8243; header_text_shadow_horizontal_length=&#8220;0.11em&#8220; header_text_shadow_color=&#8220;#000000&#8243; background_size=&#8220;initial&#8220; background_position=&#8220;top_left&#8220; background_repeat=&#8220;repeat&#8220; text_orientation=&#8220;center&#8220; module_alignment=&#8220;center&#8220; custom_margin=&#8220;|||&#8220; custom_padding=&#8220;|||&#8220; locked=&#8220;off&#8220;]<\/p>\n<h1>Partner &amp; Freunde<\/h1>\n<p>[\/et_pb_text][\/et_pb_column][\/et_pb_row][\/et_pb_section][et_pb_section fb_built=&#8220;1&#8243; fullwidth=&#8220;on&#8220; _builder_version=&#8220;3.0.86&#8243; background_color=&#8220;#f7f7f7&#8243; background_size=&#8220;initial&#8220; custom_margin=&#8220;|||&#8220; custom_padding=&#8220;|0px|0px|0px&#8220; animation_style=&#8220;roll&#8220; global_module=&#8220;213512&#8243; saved_tabs=&#8220;all&#8220;][et_pb_fullwidth_image src=&#8220;http:\/\/preweb.yachtwerft-bodensee.de\/wp-content\/uploads\/2017\/10\/rote-linie.jpg&#8220; _builder_version=&#8220;3.0.86&#8243;][\/et_pb_fullwidth_image][\/et_pb_section][et_pb_section fb_built=&#8220;1&#8243; _builder_version=&#8220;3.22.3&#8243; background_color=&#8220;#f7f7f7&#8243; custom_padding=&#8220;0px|0px|0px|0px&#8220;][et_pb_row _builder_version=&#8220;3.22.3&#8243;][et_pb_column type=&#8220;2_3&#8243; _builder_version=&#8220;3.0.47&#8243;][et_pb_text _builder_version=&#8220;3.0.86&#8243; header_text_align=&#8220;left&#8220;]<\/p>\n<h3 style=\"margin-left: 30px; text-align: left;\"><strong>Partner &amp; Freunde<br \/>\n<\/strong><\/h3>\n<p style=\"margin-left: 30px; text-align: left;\">Gemeinsam bewegen wir viel &#8230;<\/p>\n<p>[\/et_pb_text][\/et_pb_column][et_pb_column type=&#8220;1_3&#8243; _builder_version=&#8220;3.0.47&#8243;][\/et_pb_column][\/et_pb_row][et_pb_row _builder_version=&#8220;3.22.3&#8243; background_size=&#8220;initial&#8220; background_position=&#8220;top_left&#8220; background_repeat=&#8220;repeat&#8220;][et_pb_column type=&#8220;1_2&#8243; _builder_version=&#8220;3.0.47&#8243;][et_pb_image src=&#8220;http:\/\/preweb.yachtwerft-bodensee.de\/wp-content\/uploads\/2017\/11\/georg.jpg&#8220; url=&#8220;http:\/\/www.georgsyachtservice.de\/&#8220; url_new_window=&#8220;on&#8220; align=&#8220;center&#8220; _builder_version=&#8220;3.0.86&#8243; box_shadow_style=&#8220;preset2&#8243; max_width=&#8220;80%&#8220; module_alignment=&#8220;center&#8220; custom_margin=&#8220;5px|20px|5px|20px&#8220;][\/et_pb_image][\/et_pb_column][et_pb_column type=&#8220;1_2&#8243; _builder_version=&#8220;3.0.47&#8243;][et_pb_text _builder_version=&#8220;3.0.86&#8243; header_letter_spacing=&#8220;1px&#8220; header_2_font_size=&#8220;20px&#8220; header_2_letter_spacing=&#8220;1px&#8220;]<\/p>\n<h2><a href=\"http:\/\/www.georgsyachtservice.de\/\" target=\"_blank\" rel=\"noopener noreferrer\">Georg\u00b4s<strong> Yachtservice<\/strong><\/a><\/h2>\n<ul>\n<li>Yachtcharter<\/li>\n<li>Segelt\u00f6rns<\/li>\n<li>Skippertrainig<\/li>\n<li>Yachtpflege<\/li>\n<\/ul>\n<p>[\/et_pb_text][\/et_pb_column][\/et_pb_row][et_pb_row _builder_version=&#8220;3.22.3&#8243; background_size=&#8220;initial&#8220; background_position=&#8220;top_left&#8220; background_repeat=&#8220;repeat&#8220;][et_pb_column type=&#8220;1_2&#8243; _builder_version=&#8220;3.0.47&#8243;][et_pb_image src=&#8220;http:\/\/preweb.yachtwerft-bodensee.de\/wp-content\/uploads\/2017\/11\/SPW.jpg&#8220; url=&#8220;http:\/\/www.spw-gmbh.de&#8220; url_new_window=&#8220;on&#8220; align=&#8220;center&#8220; _builder_version=&#8220;3.0.86&#8243; box_shadow_style=&#8220;preset2&#8243; max_width=&#8220;80%&#8220; module_alignment=&#8220;center&#8220; custom_margin=&#8220;5px|20px|5px|20px&#8220;][\/et_pb_image][\/et_pb_column][et_pb_column type=&#8220;1_2&#8243; _builder_version=&#8220;3.0.47&#8243;][et_pb_text _builder_version=&#8220;3.0.86&#8243; header_letter_spacing=&#8220;1px&#8220; header_2_font_size=&#8220;20px&#8220; header_2_letter_spacing=&#8220;1px&#8220;]<\/p>\n<h2><a href=\"http:\/\/www.spw-gmbh.de\/\" target=\"_blank\" rel=\"noopener noreferrer\"><strong>SPW <\/strong>Sail Propeller &amp; Wellenbau<\/a><\/h2>\n<p><strong>SPW \u2013 Sail Propeller &amp; Wellenbau<\/strong><\/p>\n<ul>\n<li>Drehfl\u00fcgelpropeller Variprop &amp; Variprofile<\/li>\n<li>Faltpropeller Varifold<\/li>\n<\/ul>\n<p>[\/et_pb_text][\/et_pb_column][\/et_pb_row][et_pb_row _builder_version=&#8220;3.22.3&#8243; background_size=&#8220;initial&#8220; background_position=&#8220;top_left&#8220; background_repeat=&#8220;repeat&#8220;][et_pb_column type=&#8220;1_2&#8243; _builder_version=&#8220;3.0.47&#8243;][et_pb_image src=&#8220;http:\/\/preweb.yachtwerft-bodensee.de\/wp-content\/uploads\/2017\/11\/Regionetz-Norbert.jpg&#8220; url=&#8220;http:\/\/www.regionetz.net\/&#8220; url_new_window=&#8220;on&#8220; align=&#8220;center&#8220; _builder_version=&#8220;3.0.86&#8243; box_shadow_style=&#8220;preset2&#8243; max_width=&#8220;80%&#8220; module_alignment=&#8220;center&#8220; custom_margin=&#8220;5px|20px|5px|20px&#8220;][\/et_pb_image][\/et_pb_column][et_pb_column type=&#8220;1_2&#8243; _builder_version=&#8220;3.0.47&#8243;][et_pb_text _builder_version=&#8220;3.0.86&#8243; header_letter_spacing=&#8220;1px&#8220; header_2_font_size=&#8220;20px&#8220; header_2_letter_spacing=&#8220;1px&#8220;]<\/p>\n<h2><a href=\"http:\/\/www.regionetz.net\/\" target=\"_blank\" rel=\"noopener noreferrer\"><strong>REGIONETZ<\/strong> &#8211; Norbert Herter<\/a><\/h2>\n<p>&#8222;Wir haben ein unabh\u00e4ngiges Kommunikationsnetz konzipiert,<br \/>\ndas Internetverbindungen per Funk zur Verf\u00fcgung stellt.&#8220;<\/p>\n<h2><\/h2>\n<p>[\/et_pb_text][\/et_pb_column][\/et_pb_row][et_pb_row _builder_version=&#8220;3.22.3&#8243; background_size=&#8220;initial&#8220; background_position=&#8220;top_left&#8220; background_repeat=&#8220;repeat&#8220;][et_pb_column type=&#8220;1_2&#8243; _builder_version=&#8220;3.0.47&#8243;][et_pb_image src=&#8220;http:\/\/preweb.yachtwerft-bodensee.de\/wp-content\/uploads\/2017\/11\/Prinz-Metallverarbeitung.jpg&#8220; url=&#8220;http:\/\/www.prinz-presse.de&#8220; url_new_window=&#8220;on&#8220; align=&#8220;center&#8220; _builder_version=&#8220;3.0.86&#8243; box_shadow_style=&#8220;preset2&#8243; max_width=&#8220;80%&#8220; module_alignment=&#8220;center&#8220; custom_margin=&#8220;5px|20px|5px|20px&#8220;][\/et_pb_image][\/et_pb_column][et_pb_column type=&#8220;1_2&#8243; _builder_version=&#8220;3.0.47&#8243;][et_pb_text _builder_version=&#8220;3.0.86&#8243; header_letter_spacing=&#8220;1px&#8220; header_2_font_size=&#8220;20px&#8220; header_2_letter_spacing=&#8220;1px&#8220;]<\/p>\n<h2><a href=\"http:\/\/www.prinz-presse.de\" target=\"_blank\" rel=\"noopener noreferrer\">A. <strong>PRINZ &#8211; Metallverarbeitung<\/strong><\/a><\/h2>\n<p>Der Fachmann in Sachen Metall &#8211; Qualit\u00e4t made im Allg\u00e4u<\/p>\n<ul>\n<li>Maschinenschlosserei<\/li>\n<li>Edelstahl-Werkstatt<\/li>\n<\/ul>\n<p>[\/et_pb_text][\/et_pb_column][\/et_pb_row][et_pb_row _builder_version=&#8220;3.22.3&#8243; background_size=&#8220;initial&#8220; background_position=&#8220;top_left&#8220; background_repeat=&#8220;repeat&#8220;][et_pb_column type=&#8220;1_2&#8243; _builder_version=&#8220;3.0.47&#8243;][et_pb_image src=&#8220;http:\/\/preweb.yachtwerft-bodensee.de\/wp-content\/uploads\/2017\/11\/Hermann-Locher.jpg&#8220; url=&#8220;http:\/\/www.locher-barth.de\/&#8220; url_new_window=&#8220;on&#8220; align=&#8220;center&#8220; _builder_version=&#8220;3.0.86&#8243; box_shadow_style=&#8220;preset2&#8243; max_width=&#8220;80%&#8220; module_alignment=&#8220;center&#8220; custom_margin=&#8220;5px|20px|5px|20px&#8220;][\/et_pb_image][\/et_pb_column][et_pb_column type=&#8220;1_2&#8243; _builder_version=&#8220;3.0.47&#8243;][et_pb_text _builder_version=&#8220;3.0.86&#8243; header_letter_spacing=&#8220;1px&#8220; header_2_font_size=&#8220;20px&#8220; header_2_letter_spacing=&#8220;1px&#8220;]<\/p>\n<h2><a href=\"http:\/\/www.locher-barth.de\/\" target=\"_blank\" rel=\"noopener noreferrer\">Praxis<strong> Dr. Hermann Locher<\/strong><\/a><\/h2>\n<ul>\n<li>Orthop\u00e4die<\/li>\n<li>Unfallchirugie<\/li>\n<\/ul>\n<p>[\/et_pb_text][\/et_pb_column][\/et_pb_row][et_pb_row _builder_version=&#8220;3.22.3&#8243; background_size=&#8220;initial&#8220; background_position=&#8220;top_left&#8220; background_repeat=&#8220;repeat&#8220;][et_pb_column type=&#8220;1_2&#8243; _builder_version=&#8220;3.0.47&#8243;][et_pb_image src=&#8220;http:\/\/preweb.yachtwerft-bodensee.de\/wp-content\/uploads\/2017\/11\/tiefgang-bodensee.jpg&#8220; url=&#8220;http:\/\/www.tiefgang-bodensee.ch&#8220; url_new_window=&#8220;on&#8220; align=&#8220;center&#8220; _builder_version=&#8220;3.0.86&#8243; box_shadow_style=&#8220;preset2&#8243; max_width=&#8220;80%&#8220; module_alignment=&#8220;center&#8220; custom_margin=&#8220;5px|20px|5px|20px&#8220;][\/et_pb_image][\/et_pb_column][et_pb_column type=&#8220;1_2&#8243; _builder_version=&#8220;3.0.47&#8243;][et_pb_text _builder_version=&#8220;3.0.86&#8243; header_letter_spacing=&#8220;1px&#8220; header_2_font_size=&#8220;20px&#8220; header_2_letter_spacing=&#8220;1px&#8220;]<\/p>\n<h2><a href=\"http:\/\/www.tiefgang-bodensee.ch\" target=\"_blank\" rel=\"noopener noreferrer\"><strong>Tiefgang Bodensee<\/strong> &#8211; Beat Rauber<\/a><\/h2>\n<p>Wie tief ist der Hafen wirklich? St\u00e4ndig aktuelle Messungen geben einen schnellen \u00dcberblick ob der Hafen f\u00fcr mein Boot geeignet ist. Anmelden und immer auf der sicheren Seite sein!<br \/>\n[\/et_pb_text][\/et_pb_column][\/et_pb_row][et_pb_row _builder_version=&#8220;3.22.3&#8243; background_size=&#8220;initial&#8220; background_position=&#8220;top_left&#8220; background_repeat=&#8220;repeat&#8220;][et_pb_column type=&#8220;4_4&#8243; _builder_version=&#8220;3.0.47&#8243;][et_pb_image src=&#8220;http:\/\/preweb.yachtwerft-bodensee.de\/wp-content\/uploads\/2017\/11\/Trennlinie_KK.png&#8220; align=&#8220;center&#8220; _builder_version=&#8220;3.0.86&#8243; max_width=&#8220;60%&#8220; module_alignment=&#8220;center&#8220;][\/et_pb_image][\/et_pb_column][\/et_pb_row][et_pb_row _builder_version=&#8220;3.22.3&#8243; background_size=&#8220;initial&#8220; background_position=&#8220;top_left&#8220; background_repeat=&#8220;repeat&#8220;][et_pb_column type=&#8220;1_2&#8243; _builder_version=&#8220;3.0.47&#8243;][et_pb_image src=&#8220;http:\/\/preweb.yachtwerft-bodensee.de\/wp-content\/uploads\/2017\/11\/OSB.jpg&#8220; url=&#8220;http:\/\/www.oldtimerschiffer-bodensee.com\/&#8220; url_new_window=&#8220;on&#8220; align=&#8220;center&#8220; _builder_version=&#8220;3.0.86&#8243; box_shadow_style=&#8220;preset2&#8243; max_width=&#8220;80%&#8220; module_alignment=&#8220;center&#8220; custom_margin=&#8220;5px|20px|5px|20px&#8220;][\/et_pb_image][\/et_pb_column][et_pb_column type=&#8220;1_2&#8243; _builder_version=&#8220;3.0.47&#8243;][et_pb_text _builder_version=&#8220;3.0.86&#8243; header_letter_spacing=&#8220;1px&#8220; header_2_font_size=&#8220;20px&#8220; header_2_letter_spacing=&#8220;1px&#8220;]~~~~~<\/p>\n<p>Verein:<\/p>\n<h2><strong><a href=\"http:\/\/www.oldtimerschiffer-bodensee.com\/\" target=\"_blank\" rel=\"noopener noreferrer\">Oldtimerschiffer Bodensee<\/a><\/strong><\/h2>\n<p>[\/et_pb_text][\/et_pb_column][\/et_pb_row][et_pb_row _builder_version=&#8220;3.22.3&#8243; background_size=&#8220;initial&#8220; background_position=&#8220;top_left&#8220; background_repeat=&#8220;repeat&#8220;][et_pb_column type=&#8220;1_2&#8243; _builder_version=&#8220;3.0.47&#8243;][et_pb_image src=&#8220;http:\/\/preweb.yachtwerft-bodensee.de\/wp-content\/uploads\/2017\/11\/FKY-1.jpg&#8220; url=&#8220;http:\/\/www.fky.org\/&#8220; url_new_window=&#8220;on&#8220; align=&#8220;center&#8220; _builder_version=&#8220;3.0.86&#8243; box_shadow_style=&#8220;preset2&#8243; max_width=&#8220;80%&#8220; module_alignment=&#8220;center&#8220; custom_margin=&#8220;5px|20px|5px|20px&#8220;][\/et_pb_image][\/et_pb_column][et_pb_column type=&#8220;1_2&#8243; _builder_version=&#8220;3.0.47&#8243;][et_pb_text _builder_version=&#8220;3.0.86&#8243; header_letter_spacing=&#8220;1px&#8220; header_2_font_size=&#8220;20px&#8220; header_2_letter_spacing=&#8220;1px&#8220;]~~~~~<\/p>\n<p>Verein:<\/p>\n<h2><strong><a href=\"http:\/\/www.fky.org\/\" target=\"_blank\" rel=\"noopener noreferrer\">Freundeskreis klassischer Yachten<\/a><\/strong><\/h2>\n<p>[\/et_pb_text][\/et_pb_column][\/et_pb_row][\/et_pb_section][et_pb_section fb_built=&#8220;1&#8243; fullwidth=&#8220;on&#8220; _builder_version=&#8220;3.0.86&#8243; background_color=&#8220;#f7f7f7&#8243; background_size=&#8220;initial&#8220; custom_margin=&#8220;|||&#8220; custom_padding=&#8220;|0px|0px|0px&#8220; animation_style=&#8220;roll&#8220; global_module=&#8220;213512&#8243; saved_tabs=&#8220;all&#8220;][et_pb_fullwidth_image src=&#8220;http:\/\/preweb.yachtwerft-bodensee.de\/wp-content\/uploads\/2017\/10\/rote-linie.jpg&#8220; _builder_version=&#8220;3.0.86&#8243;][\/et_pb_fullwidth_image][\/et_pb_section][et_pb_section fb_built=&#8220;1&#8243; disabled_on=&#8220;off|off|off&#8220; admin_label=&#8220;Footer&#8220; _builder_version=&#8220;3.0.86&#8243; background_color=&#8220;#303030&#8243; use_background_color_gradient=&#8220;on&#8220; background_color_gradient_start=&#8220;#0e4490&#8243; background_color_gradient_end=&#8220;#303030&#8243; background_color_gradient_start_position=&#8220;35%&#8220; max_width_last_edited=&#8220;on|phone&#8220; module_alignment=&#8220;center&#8220; custom_padding=&#8220;0px|0px|0px|0px&#8220; animation_style=&#8220;slide&#8220; animation_direction=&#8220;bottom&#8220; animation_intensity_slide=&#8220;14%&#8220; animation_starting_opacity=&#8220;100%&#8220; global_module=&#8220;213534&#8243; saved_tabs=&#8220;all&#8220; locked=&#8220;off&#8220;][et_pb_row _builder_version=&#8220;3.22.3&#8243; background_color_gradient_direction=&#8220;38deg&#8220; module_alignment=&#8220;center&#8220; locked=&#8220;off&#8220;][et_pb_column type=&#8220;1_4&#8243; _builder_version=&#8220;3.0.47&#8243;][et_pb_image src=&#8220;http:\/\/preweb.yachtwerft-bodensee.de\/wp-content\/uploads\/2017\/11\/Kundensuche.png&#8220; url=&#8220;\/kontakt\/&#8220; _builder_version=&#8220;3.0.86&#8243; max_width=&#8220;72%&#8220; module_alignment=&#8220;center&#8220;][\/et_pb_image][\/et_pb_column][et_pb_column type=&#8220;1_4&#8243; _builder_version=&#8220;3.0.47&#8243;][et_pb_text _builder_version=&#8220;3.0.86&#8243; text_font=&#8220;||||||||&#8220; text_text_color=&#8220;rgba(0,0,0,0.5)&#8220; text_line_height=&#8220;1.9em&#8220; header_font=&#8220;||||||||&#8220; header_4_font=&#8220;|700||on|||||&#8220; header_4_font_size=&#8220;16px&#8220; header_4_letter_spacing=&#8220;1px&#8220; header_4_line_height=&#8220;1.5em&#8220; box_shadow_style=&#8220;preset6&#8243; background_layout=&#8220;dark&#8220; custom_margin=&#8220;||17px|&#8220; custom_padding=&#8220;11px|5px|5px|11px&#8220; locked=&#8220;off&#8220;]<\/p>\n<h4><span style=\"color: #f7f7f7;\">Werft<\/span><\/h4>\n<p style=\"margin-left: 30px;\"><span style=\"color: #ffffff;\">Yacht-Service<br \/> Karlheinz Kaiser<\/span><\/p>\n<p style=\"margin-left: 30px;\"><span style=\"color: #ffffff;\">S\u00e4ntisstrasse 31 <\/span><br \/> <span style=\"color: #ffffff;\">88079 Kressbronn<\/span><\/p>\n<p>[\/et_pb_text][\/et_pb_column][et_pb_column type=&#8220;1_2&#8243; _builder_version=&#8220;3.0.47&#8243;][et_pb_text _builder_version=&#8220;3.0.86&#8243; text_font=&#8220;||||||||&#8220; text_text_color=&#8220;rgba(0,0,0,0.5)&#8220; text_line_height=&#8220;1.9em&#8220; header_font=&#8220;||||||||&#8220; header_4_font=&#8220;|700||on|||||&#8220; header_4_font_size=&#8220;16px&#8220; header_4_letter_spacing=&#8220;1px&#8220; header_4_line_height=&#8220;1.5em&#8220; box_shadow_style=&#8220;preset6&#8243; background_layout=&#8220;dark&#8220; custom_margin=&#8220;|222px||&#8220; custom_margin_phone=&#8220;|5px||&#8220; custom_margin_last_edited=&#8220;on|phone&#8220; custom_padding=&#8220;11px|5px|5px|11px&#8220; locked=&#8220;off&#8220;]<\/p>\n<h4>Fon \/ Fax<\/h4>\n<p><span style=\"color: #ffffff;\">Tel: +49 7543 934 65 42<\/span><br \/> <span style=\"color: #ffffff;\">Fax: +49 7543 960 06 45<\/span><span style=\"color: #ffffff;\"><\/span><br \/> <span style=\"color: #ffffff;\">info(at)yachtwerft-bodensee.de<\/span><\/p>\n<p>[\/et_pb_text][\/et_pb_column][\/et_pb_row][\/et_pb_section]<\/p>\n","protected":false},"excerpt":{"rendered":"<p>[et_pb_section fb_built=&#8220;1&#8243; _builder_version=&#8220;3.22.3&#8243; use_background_color_gradient=&#8220;on&#8220; background_color_gradient_start=&#8220;rgba(48,48,48,0.63)&#8220; background_color_gradient_end=&#8220;rgba(196,196,196,0)&#8220; background_color_gradient_type=&#8220;radial&#8220; background_color_gradient_end_position=&#8220;40%&#8220; background_color_gradient_overlays_image=&#8220;on&#8220; background_image=&#8220;http:\/\/preweb.yachtwerft-bodensee.de\/wp-content\/uploads\/2017\/11\/KK-Header_Flaggenparade.jpg&#8220;][et_pb_row module_class=&#8220; et_pb_row_fullwidth&#8220; _builder_version=&#8220;3.22.3&#8243; background_size=&#8220;initial&#8220; background_position=&#8220;top_left&#8220; background_repeat=&#8220;repeat&#8220; width=&#8220;89%&#8220; width_tablet=&#8220;80%&#8220; width_last_edited=&#8220;on|desktop&#8220; max_width=&#8220;89%&#8220; max_width_tablet=&#8220;80%&#8220; max_width_last_edited=&#8220;on|desktop&#8220; make_fullwidth=&#8220;on&#8220;][et_pb_column type=&#8220;4_4&#8243; _builder_version=&#8220;3.0.47&#8243;][et_pb_text _builder_version=&#8220;3.0.86&#8243; text_text_color=&#8220;#303030&#8243; text_text_shadow_style=&#8220;preset5&#8243; header_font=&#8220;|700|||||||&#8220; header_text_color=&#8220;#f7f7f7&#8243; header_font_size=&#8220;60px&#8220; header_line_height=&#8220;1.5em&#8220; header_text_shadow_style=&#8220;preset2&#8243; header_text_shadow_horizontal_length=&#8220;0.11em&#8220; header_text_shadow_color=&#8220;#000000&#8243; background_size=&#8220;initial&#8220; background_position=&#8220;top_left&#8220; background_repeat=&#8220;repeat&#8220; text_orientation=&#8220;center&#8220; module_alignment=&#8220;center&#8220; custom_margin=&#8220;|||&#8220; custom_padding=&#8220;|||&#8220; locked=&#8220;off&#8220;] Partner &amp; Freunde [\/et_pb_text][\/et_pb_column][\/et_pb_row][\/et_pb_section][et_pb_section fb_built=&#8220;1&#8243; fullwidth=&#8220;on&#8220; _builder_version=&#8220;3.0.86&#8243; background_color=&#8220;#f7f7f7&#8243; background_size=&#8220;initial&#8220; custom_margin=&#8220;|||&#8220; custom_padding=&#8220;|0px|0px|0px&#8220; animation_style=&#8220;roll&#8220; [&hellip;]<\/p>\n","protected":false},"author":3,"featured_media":0,"parent":0,"menu_order":0,"comment_status":"closed","ping_status":"closed","template":"","meta":{"_et_pb_use_builder":"on","_et_pb_old_content":"","footnotes":""},"class_list":["post-213576","page","type-page","status-publish","hentry"],"_links":{"self":[{"href":"http:\/\/www.yachtwerft-bodensee.de\/index.php?rest_route=\/wp\/v2\/pages\/213576"}],"collection":[{"href":"http:\/\/www.yachtwerft-bodensee.de\/index.php?rest_route=\/wp\/v2\/pages"}],"about":[{"href":"http:\/\/www.yachtwerft-bodensee.de\/index.php?rest_route=\/wp\/v2\/types\/page"}],"author":[{"embeddable":true,"href":"http:\/\/www.yachtwerft-bodensee.de\/index.php?rest_route=\/wp\/v2\/users\/3"}],"replies":[{"embeddable":true,"href":"http:\/\/www.yachtwerft-bodensee.de\/index.php?rest_route=%2Fwp%2Fv2%2Fcomments&post=213576"}],"version-history":[{"count":19,"href":"http:\/\/www.yachtwerft-bodensee.de\/index.php?rest_route=\/wp\/v2\/pages\/213576\/revisions"}],"predecessor-version":[{"id":214067,"href":"http:\/\/www.yachtwerft-bodensee.de\/index.php?rest_route=\/wp\/v2\/pages\/213576\/revisions\/214067"}],"wp:attachment":[{"href":"http:\/\/www.yachtwerft-bodensee.de\/index.php?rest_route=%2Fwp%2Fv2%2Fmedia&parent=213576"}],"curies":[{"name":"wp","href":"https:\/\/api.w.org\/{rel}","templated":true}]}}