{"id":213574,"date":"2017-11-09T17:56:33","date_gmt":"2017-11-09T16:56:33","guid":{"rendered":"http:\/\/preweb.yachtwerft-bodensee.de\/?page_id=213574"},"modified":"2019-09-06T16:42:32","modified_gmt":"2019-09-06T14:42:32","slug":"impressum","status":"publish","type":"page","link":"http:\/\/www.yachtwerft-bodensee.de\/?page_id=213574","title":{"rendered":"Impressum"},"content":{"rendered":"<p>[et_pb_section fb_built=&#8220;1&#8243; _builder_version=&#8220;3.22.3&#8243; background_image=&#8220;http:\/\/preweb.yachtwerft-bodensee.de\/wp-content\/uploads\/2017\/11\/Yachtwerft-Bodensee.jpg&#8220;][et_pb_row module_class=&#8220; et_pb_row_fullwidth&#8220; _builder_version=&#8220;3.22.3&#8243; use_background_color_gradient=&#8220;on&#8220; background_color_gradient_start=&#8220;rgba(255,255,255,0)&#8220; background_color_gradient_end=&#8220;rgba(48,48,48,0.63)&#8220; background_color_gradient_start_position=&#8220;26%&#8220; background_size=&#8220;initial&#8220; background_position=&#8220;top_left&#8220; background_repeat=&#8220;repeat&#8220; width=&#8220;89%&#8220; width_tablet=&#8220;80%&#8220; width_last_edited=&#8220;on|desktop&#8220; max_width=&#8220;89%&#8220; max_width_tablet=&#8220;80%&#8220; max_width_last_edited=&#8220;on|desktop&#8220; make_fullwidth=&#8220;on&#8220;][et_pb_column type=&#8220;4_4&#8243; _builder_version=&#8220;3.0.47&#8243;][et_pb_text _builder_version=&#8220;3.0.86&#8243; text_text_color=&#8220;#303030&#8243; text_text_shadow_style=&#8220;preset5&#8243; header_font=&#8220;|700|||||||&#8220; header_text_color=&#8220;#f7f7f7&#8243; header_font_size=&#8220;60px&#8220; header_line_height=&#8220;1.5em&#8220; header_text_shadow_style=&#8220;preset2&#8243; header_text_shadow_horizontal_length=&#8220;0.11em&#8220; header_text_shadow_color=&#8220;#000000&#8243; background_size=&#8220;initial&#8220; background_position=&#8220;top_left&#8220; background_repeat=&#8220;repeat&#8220; text_orientation=&#8220;center&#8220; module_alignment=&#8220;center&#8220; custom_margin=&#8220;|||&#8220; custom_padding=&#8220;|||&#8220; locked=&#8220;off&#8220;]<\/p>\n<h1>Impressum<\/h1>\n<p>[\/et_pb_text][\/et_pb_column][\/et_pb_row][\/et_pb_section][et_pb_section fb_built=&#8220;1&#8243; fullwidth=&#8220;on&#8220; _builder_version=&#8220;3.0.86&#8243; background_color=&#8220;#f7f7f7&#8243; background_size=&#8220;initial&#8220; custom_margin=&#8220;|||&#8220; custom_padding=&#8220;|0px|0px|0px&#8220; animation_style=&#8220;roll&#8220; global_module=&#8220;213512&#8243; saved_tabs=&#8220;all&#8220;][et_pb_fullwidth_image src=&#8220;http:\/\/preweb.yachtwerft-bodensee.de\/wp-content\/uploads\/2017\/10\/rote-linie.jpg&#8220; _builder_version=&#8220;3.0.86&#8243;][\/et_pb_fullwidth_image][\/et_pb_section][et_pb_section fb_built=&#8220;1&#8243; _builder_version=&#8220;3.22.3&#8243; background_color=&#8220;#f7f7f7&#8243;][et_pb_row _builder_version=&#8220;3.22.3&#8243;][et_pb_column type=&#8220;1_3&#8243; _builder_version=&#8220;3.0.47&#8243;][et_pb_blurb use_icon=&#8220;on&#8220; font_icon=&#8220;%%32%%&#8220; content_max_width=&#8220;525px&#8220; _builder_version=&#8220;3.0.86&#8243; text_orientation=&#8220;center&#8220; max_width=&#8220;49%&#8220; max_width_last_edited=&#8220;on|tablet&#8220;][\/et_pb_blurb][\/et_pb_column][et_pb_column type=&#8220;2_3&#8243; _builder_version=&#8220;3.0.47&#8243;][et_pb_text _builder_version=&#8220;3.22.7&#8243;]<\/p>\n<p>Yacht-Service<br \/> Karlheinz Kaiser<br \/> S\u00e4ntisstr. 31<br \/> 88079 Kressbronn<\/p>\n<p>Tel. 07543\/9346542<br \/> Fax\u00a0 07543\/9600645<\/p>\n<p><a href=\"mailto:info@yachtwerft-bodensee.de\">info@yachtwerft-bodensee.de<\/a><\/p>\n<p>&nbsp;<\/p>\n<p>[\/et_pb_text][\/et_pb_column][\/et_pb_row][\/et_pb_section][et_pb_section fb_built=&#8220;1&#8243; _builder_version=&#8220;3.22.3&#8243; background_color=&#8220;#f7f7f7&#8243; custom_padding=&#8220;0px|0px|0px|0px&#8220;][et_pb_row _builder_version=&#8220;3.22.3&#8243;][et_pb_column type=&#8220;4_4&#8243; _builder_version=&#8220;3.0.47&#8243;][et_pb_text _builder_version=&#8220;3.0.86&#8243; header_text_align=&#8220;left&#8220; text_orientation=&#8220;center&#8220; module_alignment=&#8220;center&#8220;]<\/p>\n<h1>Impressum<\/h1>\n<h2>Angaben gem\u00e4\u00df \u00a7 5 TMG:<\/h2>\n<p>Karlheinz Kaiser<\/p>\n<p>Yacht-Service<br \/> S\u00e4ntisstr. 31<br \/> 88079 Kressbronn<\/p>\n<h2>Kontakt:<\/h2>\n<p>Telefon:<br \/>+497543\/9346542<br \/> Telefax: +497543\/9600645<br \/> E-Mail: info@yachtwerft-bodensee.de<\/p>\n<h2>Streitschlichtung<\/h2>\n<p>Die Europ\u00e4ische Kommission stellt eine Plattform zur OnlineStreitbeilegung (OS) bereit: <a href=\"http:\/\/ec.europa.eu\/consumers\/odr\"><br \/>http:\/\/ec.europa.eu\/consumers\/odr<\/a><br \/> Unsere E-Mail-Adresse finden Sie oben im Impressum.<\/p>\n<p>Wir sind nicht bereit oder verpflichtet, an Streitbeilegungsverfahren vor einer<br \/>Verbraucherschlichtungsstelle teilzunehmen.<\/p>\n<h2>Haftung f\u00fcr Inhalte<\/h2>\n<p>Als<br \/>Diensteanbieter sind wir gem\u00e4\u00df \u00a7 7 Abs.1 TMG f\u00fcr eigene Inhalte auf diesen Seiten<br \/>nach den allgemeinen Gesetzen verantwortlich. Nach \u00a7\u00a7 8 bis 10 TMG sind wir als<br \/>Diensteanbieter jedoch nicht verpflichtet, \u00fcbermittelte oder gespeicherte fremde Informationen zu<br \/>\u00fcberwachen oder nach Umst\u00e4nden zu forschen, die auf eine rechtswidrige T\u00e4tigkeit<br \/>hinweisen.<\/p>\n<p>Verpflichtungen zur Entfernung oder Sperrung der Nutzung von Informationen nach<br \/>den allgemeinen Gesetzen bleiben hiervon unber\u00fchrt. Eine diesbez\u00fcgliche Haftung ist jedoch<br \/>erst ab dem Zeitpunkt der Kenntnis einer konkreten Rechtsverletzung m\u00f6glich. Bei Bekanntwerden<br \/>von entsprechenden Rechtsverletzungen werden wir diese Inhalte umgehend entfernen.<\/p>\n<h2>Haftung f\u00fcr Links<\/h2>\n<p>Unser Angebot enth\u00e4lt Links zu externen Webseiten Dritter, auf<br \/>deren Inhalte wir keinen Einfluss haben. Deshalb k\u00f6nnen wir f\u00fcr diese fremden Inhalte auch<br \/>keine Gew\u00e4hr \u00fcbernehmen. F\u00fcr die Inhalte der verlinkten Seiten ist stets der jeweilige<br \/>Anbieter oder Betreiber der Seiten verantwortlich. Die verlinkten Seiten wurden zum Zeitpunkt der<br \/>Verlinkung auf m\u00f6gliche Rechtsverst\u00f6\u00dfe \u00fcberpr\u00fcft. Rechtswidrige Inhalte<br \/>waren zum Zeitpunkt der Verlinkung nicht erkennbar.<\/p>\n<p>Eine permanente inhaltliche Kontrolle der<br \/>verlinkten Seiten ist jedoch ohne konkrete Anhaltspunkte einer Rechtsverletzung nicht zumutbar. Bei<br \/>Bekanntwerden von Rechtsverletzungen werden wir derartige Links umgehend entfernen.<\/p>\n<h2>Urheberrecht<\/h2>\n<p>Die durch die Seitenbetreiber erstellten Inhalte und Werke auf diesen Seiten<br \/>unterliegen dem deutschen Urheberrecht. Die Vervielf\u00e4ltigung, Bearbeitung, Verbreitung und jede<br \/>Art der Verwertung au\u00dferhalb der Grenzen des Urheberrechtes bed\u00fcrfen der schriftlichen<br \/>Zustimmung des jeweiligen Autors bzw. Erstellers. Downloads und Kopien dieser Seite sind nur f\u00fcr<br \/>den privaten, nicht kommerziellen Gebrauch gestattet.<\/p>\n<p>Soweit die Inhalte auf dieser Seite nicht<br \/>vom Betreiber erstellt wurden, werden die Urheberrechte Dritter beachtet. Insbesondere werden Inhalte<br \/>Dritter als solche gekennzeichnet. Sollten Sie trotzdem auf eine Urheberrechtsverletzung aufmerksam<br \/>werden, bitten wir um einen entsprechenden Hinweis. Bei Bekanntwerden von Rechtsverletzungen<br \/>werden wir derartige Inhalte umgehend entfernen.<\/p>\n<p>Quelle: <a href=\"https:\/\/www.e-recht24.de\">erecht24.de<\/a><\/p>\n<p>[\/et_pb_text][et_pb_text _builder_version=&#8220;3.0.86&#8243; header_text_align=&#8220;left&#8220; text_orientation=&#8220;center&#8220; module_alignment=&#8220;center&#8220;]<\/p>\n<h1>Datenschutzerkl&auml;rung<\/h1>\n<h2>Datenschutz<\/h2>\n<p>Die Betreiber dieser Seiten nehmen<br \/>\nden Schutz Ihrer pers&ouml;nlichen Daten sehr ernst. Wir behandeln Ihre personenbezogenen Daten<br \/>\nvertraulich und entsprechend der gesetzlichen Datenschutzvorschriften sowie dieser<br \/>\nDatenschutzerkl&auml;rung.<\/p>\n<p>Die Nutzung unserer Webseite ist in der Regel ohne Angabe<br \/>\npersonenbezogener Daten m&ouml;glich. Soweit auf unseren Seiten personenbezogene Daten<br \/>\n(beispielsweise Name, Anschrift oder E-Mail-Adressen) erhoben werden, erfolgt dies, soweit<br \/>\nm&ouml;glich, stets auf freiwilliger Basis. Diese Daten werden ohne Ihre ausdr&uuml;ckliche Zustimmung<br \/>\nnicht an Dritte weitergegeben.<\/p>\n<p>Wir weisen darauf hin, dass die Daten&uuml;bertragung im Internet<br \/>\n(z.B. bei der Kommunikation per E-Mail) Sicherheitsl&uuml;cken aufweisen kann. Ein l&uuml;ckenloser<br \/>\nSchutz der Daten vor dem Zugriff durch Dritte ist nicht m&ouml;glich.<\/p>\n<p>&nbsp;<\/p>\n<h2>\nCookies<\/h2>\n<p>Die Internetseiten verwenden teilweise so genannte Cookies. Cookies richten auf Ihrem<br \/>\nRechner keinen Schaden an und enthalten keine Viren. Cookies dienen dazu, unser Angebot<br \/>\nnutzerfreundlicher, effektiver und sicherer zu machen. Cookies sind kleine Textdateien, die auf Ihrem<br \/>\nRechner abgelegt werden und die Ihr Browser speichert.<\/p>\n<p>Die meisten der von uns verwendeten<br \/>\nCookies sind so genannte \u201eSession-Cookies\u201c. Sie werden nach Ende Ihres Besuchs automatisch<br \/>\ngel&ouml;scht. Andere Cookies bleiben auf Ihrem Endger&auml;t gespeichert, bis Sie diese l&ouml;schen.<br \/>\nDiese Cookies erm&ouml;glichen es uns, Ihren Browser beim n&auml;chsten Besuch<br \/>\nwiederzuerkennen.<\/p>\n<p>Sie k&ouml;nnen Ihren Browser so einstellen, dass Sie &uuml;ber das Setzen<br \/>\nvon Cookies informiert werden und Cookies nur im Einzelfall erlauben, die Annahme von Cookies f&uuml;r<br \/>\nbestimmte F&auml;lle oder generell ausschlie&szlig;en sowie das automatische L&ouml;schen der<br \/>\nCookies beim Schlie&szlig;en des Browser aktivieren. Bei der Deaktivierung von Cookies kann die<br \/>\nFunktionalit&auml;t dieser Website eingeschr&auml;nkt sein.<\/p>\n<p>&nbsp;<\/p>\n<h2>\nKontaktformular<\/h2>\n<p>Wenn Sie uns per Kontaktformular Anfragen zukommen lassen, werden Ihre<br \/>\nAngaben aus dem Anfrageformular inklusive der von Ihnen dort angegebenen Kontaktdaten zwecks<br \/>\nBearbeitung der Anfrage und f&uuml;r den Fall von Anschlussfragen bei uns gespeichert. Diese Daten<br \/>\ngeben wir nicht ohne Ihre Einwilligung weiter.<\/p>\n<p>&nbsp;<\/p>\n<h2>Google Analytics<\/h2>\n<p>Diese<br \/>\nWebsite nutzt Funktionen des Webanalysedienstes Google Analytics. Anbieter ist die Google Inc., 1600<br \/>\nAmphitheatre Parkway Mountain View, CA 94043, USA.<\/p>\n<p>Google Analytics verwendet so genannte<br \/>\n&quot;Cookies&quot;. Das sind Textdateien, die auf Ihrem Computer gespeichert werden und die eine<br \/>\nAnalyse der Benutzung der Website durch Sie erm&ouml;glichen. Die durch den Cookie erzeugten<br \/>\nInformationen &uuml;ber Ihre Benutzung dieser Website werden in der Regel an einen Server von Google<br \/>\nin den USA &uuml;bertragen und dort gespeichert.<\/p>\n<p>Mehr Informationen zum Umgang mit<br \/>\nNutzerdaten bei Google Analytics finden Sie in der Datenschutzerkl&auml;rung von Google: <a \nhref=\"https:\/\/support.google.com\/analytics\/answer\/6004245?hl=de\"><br \/>\nhttps:\/\/support.google.com\/analytics\/answer\/6004245?hl=de<\/a><\/p>\n<p><strong>Browser<br \/>\nPlugin<\/strong><\/p>\n<p>Sie k&ouml;nnen die Speicherung der Cookies durch eine entsprechende<br \/>\nEinstellung Ihrer Browser-Software verhindern; wir weisen Sie jedoch darauf hin, dass Sie in diesem Fall<br \/>\ngegebenenfalls nicht s&auml;mtliche Funktionen dieser Website vollumf&auml;nglich werden nutzen<br \/>\nk&ouml;nnen. Sie k&ouml;nnen dar&uuml;ber hinaus die Erfassung der durch den Cookie erzeugten und<br \/>\nauf Ihre Nutzung der Website bezogenen Daten (inkl. Ihrer IP-Adresse) an Google sowie die Verarbeitung<br \/>\ndieser Daten durch Google verhindern, indem Sie das unter dem folgenden Link verf&uuml;gbare BrowserPlugin herunterladen und installieren: <a href=\"https:\/\/tools.google.com\/dlpage\/gaoptout?hl=de\"><br \/>\nhttps:\/\/tools.google.com\/dlpage\/gaoptout?hl=de<\/a><\/p>\n<p><strong>Widerspruch gegen<br \/>\nDatenerfassung<\/strong><\/p>\n<p>Sie k&ouml;nnen die Erfassung Ihrer Daten durch Google Analytics<br \/>\nverhindern, indem Sie auf folgenden Link klicken. Es wird ein Opt-Out-Cookie gesetzt, der die Erfassung<br \/>\nIhrer Daten bei zuk&uuml;nftigen Besuchen dieser Website verhindert: <a href=\"javascript:gaOptout();\"><br \/>\nGoogle Analytics deaktivieren<\/a><\/p>\n<p><strong>Auftragsdatenverarbeitung<\/strong><\/p>\n<p>Wir<br \/>\nhaben mit Google einen Vertrag zur Auftragsdatenverarbeitung abgeschlossen und setzen die strengen<br \/>\nVorgaben der deutschen Datenschutzbeh&ouml;rden bei der Nutzung von Google Analytics<br \/>\nvollst&auml;ndig um.<\/p>\n<p><strong>IP-Anonymisierung<\/strong><\/p>\n<p>Wir nutzen die Funktion<br \/>\n&quot;Aktivierung der IP-Anonymisierung&quot; auf dieser Webseite. Dadurch wird Ihre IP-Adresse von<br \/>\nGoogle jedoch innerhalb von Mitgliedstaaten der Europ&auml;ischen Union oder in anderen<br \/>\nVertragsstaaten des Abkommens &uuml;ber den Europ&auml;ischen Wirtschaftsraum zuvor<br \/>\ngek&uuml;rzt. Nur in Ausnahmef&auml;llen wird die volle IP-Adresse an einen Server von Google in den<br \/>\nUSA &uuml;bertragen und dort gek&uuml;rzt. Im Auftrag des Betreibers dieser Website wird Google diese<br \/>\nInformationen benutzen, um Ihre Nutzung der Website auszuwerten, um Reports &uuml;ber die<br \/>\nWebsiteaktivit&auml;ten zusammenzustellen und um weitere mit der Websitenutzung und der<br \/>\nInternetnutzung verbundene Dienstleistungen gegen&uuml;ber dem Websitebetreiber zu erbringen. Die im<br \/>\nRahmen von Google Analytics von Ihrem Browser &uuml;bermittelte IP-Adresse wird nicht mit anderen<br \/>\nDaten von Google zusammengef&uuml;hrt. <\/p>\n<p><strong>Demografische Merkmale bei Google<br \/>\nAnalytics<\/strong><\/p>\n<p>Diese Website nutzt die Funktion &ldquo;demografische Merkmale&rdquo;<br \/>\nvon Google Analytics. Dadurch k&ouml;nnen Berichte erstellt werden, die Aussagen zu Alter, Geschlecht<br \/>\nund Interessen der Seitenbesucher enthalten. Diese Daten stammen aus interessenbezogener Werbung<br \/>\nvon Google sowie aus Besucherdaten von Drittanbietern. Diese Daten k&ouml;nnen keiner bestimmten<br \/>\nPerson zugeordnet werden. Sie k&ouml;nnen diese Funktion jederzeit &uuml;ber die<br \/>\nAnzeigeneinstellungen in Ihrem Google-Konto deaktivieren oder die Erfassung Ihrer Daten durch Google<br \/>\nAnalytics wie im Punkt &ldquo;Widerspruch gegen Datenerfassung&rdquo; dargestellt generell<br \/>\nuntersagen. <\/p>\n<p>&nbsp;<\/p>\n<h2>SSL-Verschl&uuml;sselung<\/h2>\n<p>Diese Seite nutzt aus<br \/>\nGr&uuml;nden der Sicherheit und zum Schutz der &Uuml;bertragung vertraulicher Inhalte, wie zum<br \/>\nBeispiel der Anfragen, die Sie an uns als Seitenbetreiber senden, eine SSL-Verschl&uuml;sselung. Eine<br \/>\nverschl&uuml;sselte Verbindung erkennen Sie daran, dass die Adresszeile des Browsers von<br \/>\n&quot;http:\/\/&quot; auf &quot;https:\/\/&quot; wechselt und an dem Schloss-Symbol in Ihrer<br \/>\nBrowserzeile.<\/p>\n<p>Wenn die SSL Verschl&uuml;sselung aktiviert ist, k&ouml;nnen die Daten, die Sie<br \/>\nan uns &uuml;bermitteln, nicht von Dritten mitgelesen werden.<\/p>\n<p>&nbsp;<\/p>\n<h2>Recht auf<br \/>\nAuskunft, L&ouml;schung, Sperrung<\/h2>\n<p>Sie haben jederzeit das Recht auf unentgeltliche Auskunft<br \/>\n&uuml;ber Ihre gespeicherten personenbezogenen Daten, deren Herkunft und Empf&auml;nger und den<br \/>\nZweck der Datenverarbeitung sowie ein Recht auf Berichtigung, Sperrung oder L&ouml;schung dieser<br \/>\nDaten. Hierzu sowie zu weiteren Fragen zum Thema personenbezogene Daten k&ouml;nnen Sie sich<br \/>\njederzeit unter der im Impressum angegebenen Adresse an uns wenden.<\/p>\n<p>&nbsp;<\/p>\n<h2>\nWiderspruch Werbe-Mails<\/h2>\n<p>Der Nutzung von im Rahmen der Impressumspflicht<br \/>\nver&ouml;ffentlichten Kontaktdaten zur &Uuml;bersendung von nicht ausdr&uuml;cklich angeforderter<br \/>\nWerbung und Informationsmaterialien wird hiermit widersprochen. Die Betreiber der Seiten behalten sich<br \/>\nausdr&uuml;cklich rechtliche Schritte im Falle der unverlangten Zusendung von Werbeinformationen, etwa<br \/>\ndurch Spam-E-Mails, vor.<\/p>\n<p>&nbsp;<\/p>\n<p>Quelle: <a href=\"https:\/\/www.e-recht24.de\"><br \/>\nhttps:\/\/www.e-recht24.de<\/a><\/p>\n<p>[\/et_pb_text][\/et_pb_column][\/et_pb_row][\/et_pb_section][et_pb_section fb_built=&#8220;1&#8243; _builder_version=&#8220;3.0.86&#8243; background_color=&#8220;#f7f7f7&#8243; background_image=&#8220;http:\/\/preweb.yachtwerft-bodensee.de\/wp-content\/uploads\/2017\/11\/Trennlinie_KK.png&#8220; background_size=&#8220;initial&#8220; custom_padding=&#8220;0px|0px|0px|0px&#8220; global_module=&#8220;213561&#8243;][et_pb_row custom_padding=&#8220;26px|0px|65px|0px&#8220; _builder_version=&#8220;3.22.3&#8243;][et_pb_column type=&#8220;4_4&#8243; _builder_version=&#8220;3.0.47&#8243;][et_pb_button button_url=&#8220;\/kontakt\/&#8220; button_text=&#8220;Wir freuen uns auf Ihre Anfrage&#8220; button_alignment=&#8220;center&#8220; _builder_version=&#8220;3.22.7&#8243; custom_button=&#8220;on&#8220; button_text_size=&#8220;14px&#8220; button_text_color=&#8220;rgba(0,0,0,0.7)&#8220; button_bg_color=&#8220;#ffffff&#8220; button_border_width=&#8220;1px&#8220; button_border_color=&#8220;rgba(206,20,26,0.4)&#8220; button_border_radius=&#8220;0px&#8220; button_letter_spacing=&#8220;2px&#8220; button_font=&#8220;Poppins|600||on|||||&#8220; button_use_icon=&#8220;off&#8220; custom_margin=&#8220;|||&#8220; custom_padding=&#8220;12px|28px|12px|28px&#8220; button_letter_spacing_hover=&#8220;2px&#8220; locked=&#8220;off&#8220; button_text_size__hover_enabled=&#8220;off&#8220; button_one_text_size__hover_enabled=&#8220;off&#8220; button_two_text_size__hover_enabled=&#8220;off&#8220; button_text_color__hover_enabled=&#8220;off&#8220; button_one_text_color__hover_enabled=&#8220;off&#8220; button_two_text_color__hover_enabled=&#8220;off&#8220; button_border_width__hover_enabled=&#8220;off&#8220; button_one_border_width__hover_enabled=&#8220;off&#8220; button_two_border_width__hover_enabled=&#8220;off&#8220; button_border_color__hover_enabled=&#8220;off&#8220; button_one_border_color__hover_enabled=&#8220;off&#8220; button_two_border_color__hover_enabled=&#8220;off&#8220; button_border_radius__hover_enabled=&#8220;off&#8220; button_one_border_radius__hover_enabled=&#8220;off&#8220; button_two_border_radius__hover_enabled=&#8220;off&#8220; button_letter_spacing__hover_enabled=&#8220;on&#8220; button_letter_spacing__hover=&#8220;2px&#8220; button_one_letter_spacing__hover_enabled=&#8220;off&#8220; button_two_letter_spacing__hover_enabled=&#8220;off&#8220; button_bg_color__hover_enabled=&#8220;off&#8220; button_one_bg_color__hover_enabled=&#8220;off&#8220; button_two_bg_color__hover_enabled=&#8220;off&#8220;][\/et_pb_button][\/et_pb_column][\/et_pb_row][\/et_pb_section][et_pb_section fb_built=&#8220;1&#8243; fullwidth=&#8220;on&#8220; _builder_version=&#8220;3.0.86&#8243; background_color=&#8220;#f7f7f7&#8243; background_size=&#8220;initial&#8220; custom_margin=&#8220;|||&#8220; custom_padding=&#8220;|0px|0px|0px&#8220; animation_style=&#8220;roll&#8220; global_module=&#8220;213512&#8243; saved_tabs=&#8220;all&#8220;][et_pb_fullwidth_image src=&#8220;http:\/\/preweb.yachtwerft-bodensee.de\/wp-content\/uploads\/2017\/10\/rote-linie.jpg&#8220; _builder_version=&#8220;3.0.86&#8243;][\/et_pb_fullwidth_image][\/et_pb_section][et_pb_section fb_built=&#8220;1&#8243; disabled_on=&#8220;off|off|off&#8220; admin_label=&#8220;Footer&#8220; _builder_version=&#8220;3.0.86&#8243; background_color=&#8220;#303030&#8243; use_background_color_gradient=&#8220;on&#8220; background_color_gradient_start=&#8220;#0e4490&#8243; background_color_gradient_end=&#8220;#303030&#8243; background_color_gradient_start_position=&#8220;35%&#8220; max_width_last_edited=&#8220;on|phone&#8220; module_alignment=&#8220;center&#8220; custom_padding=&#8220;0px|0px|0px|0px&#8220; animation_style=&#8220;slide&#8220; animation_direction=&#8220;bottom&#8220; animation_intensity_slide=&#8220;14%&#8220; animation_starting_opacity=&#8220;100%&#8220; global_module=&#8220;213534&#8243; saved_tabs=&#8220;all&#8220; locked=&#8220;off&#8220;][et_pb_row _builder_version=&#8220;3.22.3&#8243; background_color_gradient_direction=&#8220;38deg&#8220; module_alignment=&#8220;center&#8220; locked=&#8220;off&#8220;][et_pb_column type=&#8220;1_4&#8243; _builder_version=&#8220;3.0.47&#8243;][et_pb_image src=&#8220;http:\/\/preweb.yachtwerft-bodensee.de\/wp-content\/uploads\/2017\/11\/Kundensuche.png&#8220; url=&#8220;\/kontakt\/&#8220; _builder_version=&#8220;3.0.86&#8243; max_width=&#8220;72%&#8220; module_alignment=&#8220;center&#8220;][\/et_pb_image][\/et_pb_column][et_pb_column type=&#8220;1_4&#8243; _builder_version=&#8220;3.0.47&#8243;][et_pb_text _builder_version=&#8220;3.0.86&#8243; text_font=&#8220;||||||||&#8220; text_text_color=&#8220;rgba(0,0,0,0.5)&#8220; text_line_height=&#8220;1.9em&#8220; header_font=&#8220;||||||||&#8220; header_4_font=&#8220;|700||on|||||&#8220; header_4_font_size=&#8220;16px&#8220; header_4_letter_spacing=&#8220;1px&#8220; header_4_line_height=&#8220;1.5em&#8220; box_shadow_style=&#8220;preset6&#8243; background_layout=&#8220;dark&#8220; custom_margin=&#8220;||17px|&#8220; custom_padding=&#8220;11px|5px|5px|11px&#8220; locked=&#8220;off&#8220;]<\/p>\n<h4><span style=\"color: #f7f7f7;\">Werft<\/span><\/h4>\n<p style=\"margin-left: 30px;\"><span style=\"color: #ffffff;\">Yacht-Service<br \/> Karlheinz Kaiser<\/span><\/p>\n<p style=\"margin-left: 30px;\"><span style=\"color: #ffffff;\">S\u00e4ntisstrasse 31 <\/span><br \/> <span style=\"color: #ffffff;\">88079 Kressbronn<\/span><\/p>\n<p>[\/et_pb_text][\/et_pb_column][et_pb_column type=&#8220;1_2&#8243; _builder_version=&#8220;3.0.47&#8243;][et_pb_text _builder_version=&#8220;3.0.86&#8243; text_font=&#8220;||||||||&#8220; text_text_color=&#8220;rgba(0,0,0,0.5)&#8220; text_line_height=&#8220;1.9em&#8220; header_font=&#8220;||||||||&#8220; header_4_font=&#8220;|700||on|||||&#8220; header_4_font_size=&#8220;16px&#8220; header_4_letter_spacing=&#8220;1px&#8220; header_4_line_height=&#8220;1.5em&#8220; box_shadow_style=&#8220;preset6&#8243; background_layout=&#8220;dark&#8220; custom_margin=&#8220;|222px||&#8220; custom_margin_phone=&#8220;|5px||&#8220; custom_margin_last_edited=&#8220;on|phone&#8220; custom_padding=&#8220;11px|5px|5px|11px&#8220; locked=&#8220;off&#8220;]<\/p>\n<h4>Fon \/ Fax<\/h4>\n<p><span style=\"color: #ffffff;\">Tel: +49 7543 934 65 42<\/span><br \/> <span style=\"color: #ffffff;\">Fax: +49 7543 960 06 45<\/span><span style=\"color: #ffffff;\"><\/span><br \/> <span style=\"color: #ffffff;\">info(at)yachtwerft-bodensee.de<\/span><\/p>\n<p>[\/et_pb_text][\/et_pb_column][\/et_pb_row][\/et_pb_section]<\/p>\n","protected":false},"excerpt":{"rendered":"<p>[et_pb_section fb_built=&#8220;1&#8243; _builder_version=&#8220;3.22.3&#8243; background_image=&#8220;http:\/\/preweb.yachtwerft-bodensee.de\/wp-content\/uploads\/2017\/11\/Yachtwerft-Bodensee.jpg&#8220;][et_pb_row module_class=&#8220; et_pb_row_fullwidth&#8220; _builder_version=&#8220;3.22.3&#8243; use_background_color_gradient=&#8220;on&#8220; background_color_gradient_start=&#8220;rgba(255,255,255,0)&#8220; background_color_gradient_end=&#8220;rgba(48,48,48,0.63)&#8220; background_color_gradient_start_position=&#8220;26%&#8220; background_size=&#8220;initial&#8220; background_position=&#8220;top_left&#8220; background_repeat=&#8220;repeat&#8220; width=&#8220;89%&#8220; width_tablet=&#8220;80%&#8220; width_last_edited=&#8220;on|desktop&#8220; max_width=&#8220;89%&#8220; max_width_tablet=&#8220;80%&#8220; max_width_last_edited=&#8220;on|desktop&#8220; make_fullwidth=&#8220;on&#8220;][et_pb_column type=&#8220;4_4&#8243; _builder_version=&#8220;3.0.47&#8243;][et_pb_text _builder_version=&#8220;3.0.86&#8243; text_text_color=&#8220;#303030&#8243; text_text_shadow_style=&#8220;preset5&#8243; header_font=&#8220;|700|||||||&#8220; header_text_color=&#8220;#f7f7f7&#8243; header_font_size=&#8220;60px&#8220; header_line_height=&#8220;1.5em&#8220; header_text_shadow_style=&#8220;preset2&#8243; header_text_shadow_horizontal_length=&#8220;0.11em&#8220; header_text_shadow_color=&#8220;#000000&#8243; background_size=&#8220;initial&#8220; background_position=&#8220;top_left&#8220; background_repeat=&#8220;repeat&#8220; text_orientation=&#8220;center&#8220; module_alignment=&#8220;center&#8220; custom_margin=&#8220;|||&#8220; custom_padding=&#8220;|||&#8220; locked=&#8220;off&#8220;] Impressum [\/et_pb_text][\/et_pb_column][\/et_pb_row][\/et_pb_section][et_pb_section fb_built=&#8220;1&#8243; fullwidth=&#8220;on&#8220; _builder_version=&#8220;3.0.86&#8243; background_color=&#8220;#f7f7f7&#8243; background_size=&#8220;initial&#8220; custom_margin=&#8220;|||&#8220; custom_padding=&#8220;|0px|0px|0px&#8220; animation_style=&#8220;roll&#8220; global_module=&#8220;213512&#8243; saved_tabs=&#8220;all&#8220;][et_pb_fullwidth_image src=&#8220;http:\/\/preweb.yachtwerft-bodensee.de\/wp-content\/uploads\/2017\/10\/rote-linie.jpg&#8220; _builder_version=&#8220;3.0.86&#8243;][\/et_pb_fullwidth_image][\/et_pb_section][et_pb_section [&hellip;]<\/p>\n","protected":false},"author":3,"featured_media":0,"parent":0,"menu_order":0,"comment_status":"closed","ping_status":"closed","template":"","meta":{"_et_pb_use_builder":"on","_et_pb_old_content":"","footnotes":""},"class_list":["post-213574","page","type-page","status-publish","hentry"],"_links":{"self":[{"href":"http:\/\/www.yachtwerft-bodensee.de\/index.php?rest_route=\/wp\/v2\/pages\/213574"}],"collection":[{"href":"http:\/\/www.yachtwerft-bodensee.de\/index.php?rest_route=\/wp\/v2\/pages"}],"about":[{"href":"http:\/\/www.yachtwerft-bodensee.de\/index.php?rest_route=\/wp\/v2\/types\/page"}],"author":[{"embeddable":true,"href":"http:\/\/www.yachtwerft-bodensee.de\/index.php?rest_route=\/wp\/v2\/users\/3"}],"replies":[{"embeddable":true,"href":"http:\/\/www.yachtwerft-bodensee.de\/index.php?rest_route=%2Fwp%2Fv2%2Fcomments&post=213574"}],"version-history":[{"count":7,"href":"http:\/\/www.yachtwerft-bodensee.de\/index.php?rest_route=\/wp\/v2\/pages\/213574\/revisions"}],"predecessor-version":[{"id":214054,"href":"http:\/\/www.yachtwerft-bodensee.de\/index.php?rest_route=\/wp\/v2\/pages\/213574\/revisions\/214054"}],"wp:attachment":[{"href":"http:\/\/www.yachtwerft-bodensee.de\/index.php?rest_route=%2Fwp%2Fv2%2Fmedia&parent=213574"}],"curies":[{"name":"wp","href":"https:\/\/api.w.org\/{rel}","templated":true}]}}