{"id":213300,"date":"2017-11-07T18:31:21","date_gmt":"2017-11-07T17:31:21","guid":{"rendered":"http:\/\/preweb.yachtwerft-bodensee.de\/?page_id=213300"},"modified":"2019-09-06T17:45:42","modified_gmt":"2019-09-06T15:45:42","slug":"winterlager","status":"publish","type":"page","link":"http:\/\/www.yachtwerft-bodensee.de\/?page_id=213300","title":{"rendered":"Winterlager"},"content":{"rendered":"<p>[et_pb_section fb_built=&#8220;1&#8243; _builder_version=&#8220;3.22.3&#8243; use_background_color_gradient=&#8220;on&#8220; background_color_gradient_start=&#8220;rgba(58,58,58,0.59)&#8220; background_color_gradient_end=&#8220;rgba(255,255,255,0)&#8220; background_color_gradient_type=&#8220;radial&#8220; background_color_gradient_end_position=&#8220;46%&#8220; background_color_gradient_overlays_image=&#8220;on&#8220; background_image=&#8220;http:\/\/preweb.yachtwerft-bodensee.de\/wp-content\/uploads\/2017\/11\/KK-winterlager.jpg&#8220;][et_pb_row module_class=&#8220; et_pb_row_fullwidth&#8220; _builder_version=&#8220;3.22.3&#8243; background_size=&#8220;initial&#8220; background_position=&#8220;top_left&#8220; background_repeat=&#8220;repeat&#8220; width=&#8220;89%&#8220; width_tablet=&#8220;80%&#8220; width_last_edited=&#8220;on|desktop&#8220; max_width=&#8220;89%&#8220; max_width_tablet=&#8220;80%&#8220; max_width_last_edited=&#8220;on|desktop&#8220; make_fullwidth=&#8220;on&#8220;][et_pb_column type=&#8220;4_4&#8243; _builder_version=&#8220;3.0.47&#8243;][et_pb_text _builder_version=&#8220;3.0.86&#8243; text_text_color=&#8220;#303030&#8243; text_text_shadow_style=&#8220;preset5&#8243; header_font=&#8220;|700|||||||&#8220; header_text_color=&#8220;#f7f7f7&#8243; header_font_size=&#8220;60px&#8220; header_line_height=&#8220;1.5em&#8220; header_text_shadow_style=&#8220;preset2&#8243; header_text_shadow_horizontal_length=&#8220;0.11em&#8220; header_text_shadow_color=&#8220;#000000&#8243; background_size=&#8220;initial&#8220; background_position=&#8220;top_left&#8220; background_repeat=&#8220;repeat&#8220; text_orientation=&#8220;center&#8220; module_alignment=&#8220;center&#8220; custom_margin=&#8220;|||&#8220; custom_padding=&#8220;|||&#8220; locked=&#8220;off&#8220;]<\/p>\n<h1>Winterlager<\/h1>\n<p>[\/et_pb_text][\/et_pb_column][\/et_pb_row][\/et_pb_section][et_pb_section fb_built=&#8220;1&#8243; fullwidth=&#8220;on&#8220; _builder_version=&#8220;3.0.86&#8243; background_color=&#8220;#f7f7f7&#8243; background_size=&#8220;initial&#8220; custom_margin=&#8220;|||&#8220; custom_padding=&#8220;|0px|0px|0px&#8220; animation_style=&#8220;roll&#8220; global_module=&#8220;213512&#8243; saved_tabs=&#8220;all&#8220;][et_pb_fullwidth_image src=&#8220;http:\/\/preweb.yachtwerft-bodensee.de\/wp-content\/uploads\/2017\/10\/rote-linie.jpg&#8220; _builder_version=&#8220;3.0.86&#8243;][\/et_pb_fullwidth_image][\/et_pb_section][et_pb_section fb_built=&#8220;1&#8243; _builder_version=&#8220;3.22.3&#8243; background_color=&#8220;#f7f7f7&#8243;][et_pb_row _builder_version=&#8220;3.22.3&#8243;][et_pb_column type=&#8220;1_3&#8243; _builder_version=&#8220;3.0.47&#8243;][et_pb_blurb use_icon=&#8220;on&#8220; font_icon=&#8220;%%32%%&#8220; content_max_width=&#8220;525px&#8220; _builder_version=&#8220;3.0.95&#8243; body_font=&#8220;Actor||on||||||&#8220; text_orientation=&#8220;center&#8220; max_width=&#8220;49%&#8220; max_width_last_edited=&#8220;on|tablet&#8220;][\/et_pb_blurb][\/et_pb_column][et_pb_column type=&#8220;2_3&#8243; _builder_version=&#8220;3.0.47&#8243;][et_pb_text _builder_version=&#8220;3.0.95&#8243; text_font=&#8220;||||||||&#8220; header_text_align=&#8220;center&#8220; header_2_text_align=&#8220;center&#8220; header_2_font_size=&#8220;20px&#8220; header_3_font_size=&#8220;18px&#8220; module_alignment=&#8220;right&#8220;]<\/p>\n<h4>Winterlager &amp; Service<\/h4>\n<p>Zuverl\u00e4ssig und sicher stellen wir Ihr Boot bei uns unter.<br \/> Pl\u00e4tze gibt es im umz\u00e4unten Freigel\u00e4nde und in der Halle.<\/p>\n<p><strong>Bitte reservieren Sie rechtzeitig Ihren Platz.<\/strong><\/p>\n<p>Masten legen, auskranen, ein sicherer Transport, Motor einwintern,<br \/> Reinigung, &#8230;. Geben Sie Ihr Boot zum Saisonende in unsere H\u00e4nde.<\/p>\n<p><strong>Wir erledigen alles f\u00fcr Sie. <br \/><\/strong><\/p>\n<p>&nbsp;<\/p>\n<p>[\/et_pb_text][\/et_pb_column][\/et_pb_row][\/et_pb_section][et_pb_section fb_built=&#8220;1&#8243; fullwidth=&#8220;on&#8220; _builder_version=&#8220;3.22.3&#8243; background_color=&#8220;#f7f7f7&#8243; custom_margin=&#8220;-20px|||&#8220;][et_pb_fullwidth_image src=&#8220;http:\/\/preweb.yachtwerft-bodensee.de\/wp-content\/uploads\/2017\/11\/Trennlinie_KK.png&#8220; _builder_version=&#8220;3.0.83&#8243;][\/et_pb_fullwidth_image][\/et_pb_section][et_pb_section fb_built=&#8220;1&#8243; _builder_version=&#8220;3.22.3&#8243; background_color=&#8220;#f7f7f7&#8243; custom_padding=&#8220;0px|0px|0px|0px&#8220;][et_pb_row _builder_version=&#8220;3.22.3&#8243;][et_pb_column type=&#8220;1_3&#8243; _builder_version=&#8220;3.0.47&#8243;][\/et_pb_column][et_pb_column type=&#8220;1_3&#8243; _builder_version=&#8220;3.0.47&#8243;][\/et_pb_column][et_pb_column type=&#8220;1_3&#8243; _builder_version=&#8220;3.0.47&#8243;][et_pb_blurb use_icon=&#8220;on&#8220; font_icon=&#8220;%%30%%&#8220; content_max_width=&#8220;525px&#8220; _builder_version=&#8220;3.0.95&#8243; header_text_align=&#8220;center&#8220; body_font=&#8220;|||on|||||&#8220; text_orientation=&#8220;center&#8220; max_width=&#8220;49%&#8220; max_width_last_edited=&#8220;on|tablet&#8220; module_alignment=&#8220;center&#8220; saved_tabs=&#8220;all&#8220;]Winterlager Gallerie<br \/>\n[\/et_pb_blurb][\/et_pb_column][\/et_pb_row][\/et_pb_section][et_pb_section fb_built=&#8220;1&#8243; _builder_version=&#8220;3.22.3&#8243; background_color=&#8220;#f7f7f7&#8243; use_background_color_gradient=&#8220;on&#8220; background_color_gradient_start=&#8220;#0e4490&#8243; background_color_gradient_end=&#8220;#f7f7f7&#8243; background_color_gradient_type=&#8220;radial&#8220; background_color_gradient_start_position=&#8220;14%&#8220; background_color_gradient_end_position=&#8220;63%&#8220; custom_padding=&#8220;0px|0px|0px|0px&#8220;][et_pb_row use_custom_gutter=&#8220;on&#8220; custom_padding=&#8220;0px|0px|0px|0px&#8220; custom_margin=&#8220;|||&#8220; _builder_version=&#8220;3.22.3&#8243; max_width=&#8220;1280px&#8220; use_custom_width=&#8220;on&#8220; custom_width_px=&#8220;1280px&#8220;][et_pb_column type=&#8220;1_3&#8243; _builder_version=&#8220;3.0.47&#8243;][et_pb_image src=&#8220;http:\/\/preweb.yachtwerft-bodensee.de\/wp-content\/uploads\/2017\/11\/Winterlager_02.jpg&#8220; show_in_lightbox=&#8220;on&#8220; use_overlay=&#8220;on&#8220; overlay_icon_color=&#8220;rgba(0,0,0,0.22)&#8220; hover_overlay_color=&#8220;rgba(255,255,255,0.29)&#8220; _builder_version=&#8220;3.0.86&#8243; custom_margin=&#8220;||15%|&#8220; animation_style=&#8220;slide&#8220; animation_direction=&#8220;bottom&#8220; animation_intensity_slide=&#8220;4%&#8220; locked=&#8220;off&#8220;][\/et_pb_image][et_pb_image src=&#8220;http:\/\/preweb.yachtwerft-bodensee.de\/wp-content\/uploads\/2017\/11\/Winterlager_Kaiser_12.jpg&#8220; show_in_lightbox=&#8220;on&#8220; use_overlay=&#8220;on&#8220; overlay_icon_color=&#8220;rgba(0,0,0,0.22)&#8220; hover_overlay_color=&#8220;rgba(255,255,255,0.29)&#8220; _builder_version=&#8220;3.0.86&#8243; custom_margin=&#8220;||15%|&#8220; animation_style=&#8220;slide&#8220; animation_direction=&#8220;bottom&#8220; animation_intensity_slide=&#8220;4%&#8220;][\/et_pb_image][et_pb_image src=&#8220;http:\/\/preweb.yachtwerft-bodensee.de\/wp-content\/uploads\/2017\/11\/Winterlager_Kaiser_01.jpg&#8220; show_in_lightbox=&#8220;on&#8220; use_overlay=&#8220;on&#8220; overlay_icon_color=&#8220;rgba(0,0,0,0.22)&#8220; hover_overlay_color=&#8220;rgba(255,255,255,0.29)&#8220; _builder_version=&#8220;3.0.86&#8243; custom_margin=&#8220;||15%|&#8220; animation_style=&#8220;slide&#8220; animation_direction=&#8220;bottom&#8220; animation_intensity_slide=&#8220;4%&#8220;][\/et_pb_image][et_pb_image src=&#8220;http:\/\/preweb.yachtwerft-bodensee.de\/wp-content\/uploads\/2017\/11\/abriggen-11-1.jpg&#8220; show_in_lightbox=&#8220;on&#8220; use_overlay=&#8220;on&#8220; overlay_icon_color=&#8220;rgba(0,0,0,0.22)&#8220; hover_overlay_color=&#8220;rgba(255,255,255,0.29)&#8220; _builder_version=&#8220;3.0.86&#8243; custom_margin=&#8220;||15%|&#8220; animation_style=&#8220;slide&#8220; animation_direction=&#8220;bottom&#8220; animation_intensity_slide=&#8220;4%&#8220;][\/et_pb_image][\/et_pb_column][et_pb_column type=&#8220;1_3&#8243; _builder_version=&#8220;3.0.47&#8243;][et_pb_image src=&#8220;http:\/\/preweb.yachtwerft-bodensee.de\/wp-content\/uploads\/2017\/11\/Winterlager_Kaiser_13.jpg&#8220; show_in_lightbox=&#8220;on&#8220; use_overlay=&#8220;on&#8220; overlay_icon_color=&#8220;rgba(0,0,0,0.22)&#8220; hover_overlay_color=&#8220;rgba(255,255,255,0.29)&#8220; _builder_version=&#8220;3.0.86&#8243; custom_margin=&#8220;||15%|&#8220; animation_style=&#8220;slide&#8220; animation_direction=&#8220;bottom&#8220; animation_intensity_slide=&#8220;4%&#8220; locked=&#8220;off&#8220;][\/et_pb_image][et_pb_image src=&#8220;http:\/\/preweb.yachtwerft-bodensee.de\/wp-content\/uploads\/2017\/11\/Winterlager_Kaiser_11.jpg&#8220; show_in_lightbox=&#8220;on&#8220; use_overlay=&#8220;on&#8220; overlay_icon_color=&#8220;rgba(0,0,0,0.22)&#8220; hover_overlay_color=&#8220;rgba(255,255,255,0.29)&#8220; _builder_version=&#8220;3.0.86&#8243; custom_margin=&#8220;||15%|&#8220; animation_style=&#8220;slide&#8220; animation_direction=&#8220;bottom&#8220; animation_intensity_slide=&#8220;4%&#8220;][\/et_pb_image][et_pb_image src=&#8220;http:\/\/preweb.yachtwerft-bodensee.de\/wp-content\/uploads\/2017\/11\/Bootstransport-Winterlager-1-1.jpg&#8220; show_in_lightbox=&#8220;on&#8220; use_overlay=&#8220;on&#8220; overlay_icon_color=&#8220;rgba(0,0,0,0.22)&#8220; hover_overlay_color=&#8220;rgba(255,255,255,0.29)&#8220; _builder_version=&#8220;3.0.86&#8243; custom_margin=&#8220;||15%|&#8220; animation_style=&#8220;slide&#8220; animation_direction=&#8220;bottom&#8220; animation_intensity_slide=&#8220;4%&#8220;][\/et_pb_image][et_pb_image src=&#8220;http:\/\/preweb.yachtwerft-bodensee.de\/wp-content\/uploads\/2017\/11\/Winterlager_Boot_01-1.jpg&#8220; show_in_lightbox=&#8220;on&#8220; use_overlay=&#8220;on&#8220; overlay_icon_color=&#8220;rgba(0,0,0,0.22)&#8220; hover_overlay_color=&#8220;rgba(255,255,255,0.29)&#8220; _builder_version=&#8220;3.0.86&#8243; custom_margin=&#8220;||15%|&#8220; animation_style=&#8220;slide&#8220; animation_direction=&#8220;bottom&#8220; animation_intensity_slide=&#8220;4%&#8220;][\/et_pb_image][\/et_pb_column][et_pb_column type=&#8220;1_3&#8243; _builder_version=&#8220;3.0.47&#8243;][et_pb_image src=&#8220;http:\/\/preweb.yachtwerft-bodensee.de\/wp-content\/uploads\/2017\/11\/Winterlager_Kaiser_00.jpg&#8220; show_in_lightbox=&#8220;on&#8220; use_overlay=&#8220;on&#8220; overlay_icon_color=&#8220;rgba(0,0,0,0.22)&#8220; hover_overlay_color=&#8220;rgba(255,255,255,0.29)&#8220; _builder_version=&#8220;3.0.86&#8243; custom_margin=&#8220;||15%|&#8220; animation_style=&#8220;slide&#8220; animation_direction=&#8220;bottom&#8220; animation_intensity_slide=&#8220;4%&#8220; locked=&#8220;off&#8220;][\/et_pb_image][et_pb_image src=&#8220;http:\/\/preweb.yachtwerft-bodensee.de\/wp-content\/uploads\/2017\/11\/Winterlager_Kaiser_02.jpg&#8220; show_in_lightbox=&#8220;on&#8220; use_overlay=&#8220;on&#8220; overlay_icon_color=&#8220;rgba(0,0,0,0.22)&#8220; hover_overlay_color=&#8220;rgba(255,255,255,0.29)&#8220; _builder_version=&#8220;3.0.86&#8243; custom_margin=&#8220;||15%|&#8220; animation_style=&#8220;slide&#8220; animation_direction=&#8220;bottom&#8220; animation_intensity_slide=&#8220;4%&#8220;][\/et_pb_image][et_pb_image src=&#8220;http:\/\/preweb.yachtwerft-bodensee.de\/wp-content\/uploads\/2017\/11\/Bordhund-1.jpg&#8220; show_in_lightbox=&#8220;on&#8220; use_overlay=&#8220;on&#8220; overlay_icon_color=&#8220;rgba(0,0,0,0.22)&#8220; hover_overlay_color=&#8220;rgba(255,255,255,0.29)&#8220; _builder_version=&#8220;3.0.86&#8243; custom_margin=&#8220;||15%|&#8220; animation_style=&#8220;slide&#8220; animation_direction=&#8220;bottom&#8220; animation_intensity_slide=&#8220;4%&#8220;][\/et_pb_image][\/et_pb_column][\/et_pb_row][\/et_pb_section][et_pb_section fb_built=&#8220;1&#8243; _builder_version=&#8220;3.22.3&#8243; background_color=&#8220;#f7f7f7&#8243; custom_padding=&#8220;0px|0px|0px|0px&#8220;][\/et_pb_section][et_pb_section fb_built=&#8220;1&#8243; _builder_version=&#8220;3.0.86&#8243; background_color=&#8220;#f7f7f7&#8243; background_image=&#8220;http:\/\/preweb.yachtwerft-bodensee.de\/wp-content\/uploads\/2017\/11\/Trennlinie_KK.png&#8220; background_size=&#8220;initial&#8220; custom_padding=&#8220;0px|0px|0px|0px&#8220; global_module=&#8220;213561&#8243;][\/et_pb_section][et_pb_section fb_built=&#8220;1&#8243; fullwidth=&#8220;on&#8220; _builder_version=&#8220;3.0.86&#8243; background_color=&#8220;#f7f7f7&#8243; background_size=&#8220;initial&#8220; custom_margin=&#8220;|||&#8220; custom_padding=&#8220;|0px|0px|0px&#8220; animation_style=&#8220;roll&#8220; global_module=&#8220;213512&#8243; saved_tabs=&#8220;all&#8220;][et_pb_fullwidth_image src=&#8220;http:\/\/preweb.yachtwerft-bodensee.de\/wp-content\/uploads\/2017\/10\/rote-linie.jpg&#8220; _builder_version=&#8220;3.0.86&#8243;][\/et_pb_fullwidth_image][\/et_pb_section][et_pb_section fb_built=&#8220;1&#8243; disabled_on=&#8220;off|off|off&#8220; admin_label=&#8220;Footer&#8220; _builder_version=&#8220;3.0.86&#8243; background_color=&#8220;#303030&#8243; use_background_color_gradient=&#8220;on&#8220; background_color_gradient_start=&#8220;#0e4490&#8243; background_color_gradient_end=&#8220;#303030&#8243; background_color_gradient_start_position=&#8220;35%&#8220; max_width_last_edited=&#8220;on|phone&#8220; module_alignment=&#8220;center&#8220; custom_padding=&#8220;0px|0px|0px|0px&#8220; animation_style=&#8220;slide&#8220; animation_direction=&#8220;bottom&#8220; animation_intensity_slide=&#8220;14%&#8220; animation_starting_opacity=&#8220;100%&#8220; global_module=&#8220;213534&#8243; saved_tabs=&#8220;all&#8220; locked=&#8220;off&#8220;][et_pb_row _builder_version=&#8220;3.22.3&#8243; background_color_gradient_direction=&#8220;38deg&#8220; module_alignment=&#8220;center&#8220; locked=&#8220;off&#8220;][et_pb_column type=&#8220;1_4&#8243; _builder_version=&#8220;3.0.47&#8243;][et_pb_image src=&#8220;http:\/\/preweb.yachtwerft-bodensee.de\/wp-content\/uploads\/2017\/11\/Kundensuche.png&#8220; url=&#8220;\/kontakt\/&#8220; _builder_version=&#8220;3.0.86&#8243; max_width=&#8220;72%&#8220; module_alignment=&#8220;center&#8220;][\/et_pb_image][\/et_pb_column][et_pb_column type=&#8220;1_4&#8243; _builder_version=&#8220;3.0.47&#8243;][et_pb_text _builder_version=&#8220;3.0.86&#8243; text_font=&#8220;||||||||&#8220; text_text_color=&#8220;rgba(0,0,0,0.5)&#8220; text_line_height=&#8220;1.9em&#8220; header_font=&#8220;||||||||&#8220; header_4_font=&#8220;|700||on|||||&#8220; header_4_font_size=&#8220;16px&#8220; header_4_letter_spacing=&#8220;1px&#8220; header_4_line_height=&#8220;1.5em&#8220; box_shadow_style=&#8220;preset6&#8243; background_layout=&#8220;dark&#8220; custom_margin=&#8220;||17px|&#8220; custom_padding=&#8220;11px|5px|5px|11px&#8220; locked=&#8220;off&#8220;]<\/p>\n<h4><span style=\"color: #f7f7f7;\">Werft<\/span><\/h4>\n<p style=\"margin-left: 30px;\"><span style=\"color: #ffffff;\">Yacht-Service<br \/> Karlheinz Kaiser<\/span><\/p>\n<p style=\"margin-left: 30px;\"><span style=\"color: #ffffff;\">S\u00e4ntisstrasse 31 <\/span><br \/> <span style=\"color: #ffffff;\">88079 Kressbronn<\/span><\/p>\n<p>[\/et_pb_text][\/et_pb_column][et_pb_column type=&#8220;1_2&#8243; _builder_version=&#8220;3.0.47&#8243;][et_pb_text _builder_version=&#8220;3.0.86&#8243; text_font=&#8220;||||||||&#8220; text_text_color=&#8220;rgba(0,0,0,0.5)&#8220; text_line_height=&#8220;1.9em&#8220; header_font=&#8220;||||||||&#8220; header_4_font=&#8220;|700||on|||||&#8220; header_4_font_size=&#8220;16px&#8220; header_4_letter_spacing=&#8220;1px&#8220; header_4_line_height=&#8220;1.5em&#8220; box_shadow_style=&#8220;preset6&#8243; background_layout=&#8220;dark&#8220; custom_margin=&#8220;|222px||&#8220; custom_margin_phone=&#8220;|5px||&#8220; custom_margin_last_edited=&#8220;on|phone&#8220; custom_padding=&#8220;11px|5px|5px|11px&#8220; locked=&#8220;off&#8220;]<\/p>\n<h4>Fon \/ Fax<\/h4>\n<p><span style=\"color: #ffffff;\">Tel: +49 7543 934 65 42<\/span><br \/> <span style=\"color: #ffffff;\">Fax: +49 7543 960 06 45<\/span><span style=\"color: #ffffff;\"><\/span><br \/> <span style=\"color: #ffffff;\">info(at)yachtwerft-bodensee.de<\/span><\/p>\n<p>[\/et_pb_text][\/et_pb_column][\/et_pb_row][\/et_pb_section]<\/p>\n","protected":false},"excerpt":{"rendered":"<p>[et_pb_section fb_built=&#8220;1&#8243; _builder_version=&#8220;3.22.3&#8243; use_background_color_gradient=&#8220;on&#8220; background_color_gradient_start=&#8220;rgba(58,58,58,0.59)&#8220; background_color_gradient_end=&#8220;rgba(255,255,255,0)&#8220; background_color_gradient_type=&#8220;radial&#8220; background_color_gradient_end_position=&#8220;46%&#8220; background_color_gradient_overlays_image=&#8220;on&#8220; background_image=&#8220;http:\/\/preweb.yachtwerft-bodensee.de\/wp-content\/uploads\/2017\/11\/KK-winterlager.jpg&#8220;][et_pb_row module_class=&#8220; et_pb_row_fullwidth&#8220; _builder_version=&#8220;3.22.3&#8243; background_size=&#8220;initial&#8220; background_position=&#8220;top_left&#8220; background_repeat=&#8220;repeat&#8220; width=&#8220;89%&#8220; width_tablet=&#8220;80%&#8220; width_last_edited=&#8220;on|desktop&#8220; max_width=&#8220;89%&#8220; max_width_tablet=&#8220;80%&#8220; max_width_last_edited=&#8220;on|desktop&#8220; make_fullwidth=&#8220;on&#8220;][et_pb_column type=&#8220;4_4&#8243; _builder_version=&#8220;3.0.47&#8243;][et_pb_text _builder_version=&#8220;3.0.86&#8243; text_text_color=&#8220;#303030&#8243; text_text_shadow_style=&#8220;preset5&#8243; header_font=&#8220;|700|||||||&#8220; header_text_color=&#8220;#f7f7f7&#8243; header_font_size=&#8220;60px&#8220; header_line_height=&#8220;1.5em&#8220; header_text_shadow_style=&#8220;preset2&#8243; header_text_shadow_horizontal_length=&#8220;0.11em&#8220; header_text_shadow_color=&#8220;#000000&#8243; background_size=&#8220;initial&#8220; background_position=&#8220;top_left&#8220; background_repeat=&#8220;repeat&#8220; text_orientation=&#8220;center&#8220; module_alignment=&#8220;center&#8220; custom_margin=&#8220;|||&#8220; custom_padding=&#8220;|||&#8220; locked=&#8220;off&#8220;] Winterlager [\/et_pb_text][\/et_pb_column][\/et_pb_row][\/et_pb_section][et_pb_section fb_built=&#8220;1&#8243; fullwidth=&#8220;on&#8220; _builder_version=&#8220;3.0.86&#8243; background_color=&#8220;#f7f7f7&#8243; background_size=&#8220;initial&#8220; custom_margin=&#8220;|||&#8220; custom_padding=&#8220;|0px|0px|0px&#8220; animation_style=&#8220;roll&#8220; global_module=&#8220;213512&#8243; saved_tabs=&#8220;all&#8220;][et_pb_fullwidth_image [&hellip;]<\/p>\n","protected":false},"author":3,"featured_media":0,"parent":0,"menu_order":0,"comment_status":"closed","ping_status":"closed","template":"","meta":{"_et_pb_use_builder":"on","_et_pb_old_content":"","footnotes":""},"class_list":["post-213300","page","type-page","status-publish","hentry"],"_links":{"self":[{"href":"http:\/\/www.yachtwerft-bodensee.de\/index.php?rest_route=\/wp\/v2\/pages\/213300"}],"collection":[{"href":"http:\/\/www.yachtwerft-bodensee.de\/index.php?rest_route=\/wp\/v2\/pages"}],"about":[{"href":"http:\/\/www.yachtwerft-bodensee.de\/index.php?rest_route=\/wp\/v2\/types\/page"}],"author":[{"embeddable":true,"href":"http:\/\/www.yachtwerft-bodensee.de\/index.php?rest_route=\/wp\/v2\/users\/3"}],"replies":[{"embeddable":true,"href":"http:\/\/www.yachtwerft-bodensee.de\/index.php?rest_route=%2Fwp%2Fv2%2Fcomments&post=213300"}],"version-history":[{"count":18,"href":"http:\/\/www.yachtwerft-bodensee.de\/index.php?rest_route=\/wp\/v2\/pages\/213300\/revisions"}],"predecessor-version":[{"id":214077,"href":"http:\/\/www.yachtwerft-bodensee.de\/index.php?rest_route=\/wp\/v2\/pages\/213300\/revisions\/214077"}],"wp:attachment":[{"href":"http:\/\/www.yachtwerft-bodensee.de\/index.php?rest_route=%2Fwp%2Fv2%2Fmedia&parent=213300"}],"curies":[{"name":"wp","href":"https:\/\/api.w.org\/{rel}","templated":true}]}}