{"id":213265,"date":"2017-10-23T15:03:42","date_gmt":"2017-10-23T13:03:42","guid":{"rendered":"http:\/\/preweb.yachtwerft-bodensee.de\/?page_id=213265"},"modified":"2019-09-06T17:54:26","modified_gmt":"2019-09-06T15:54:26","slug":"yachtwerft-bodensee-karlheinz-kaiser","status":"publish","type":"page","link":"http:\/\/www.yachtwerft-bodensee.de\/","title":{"rendered":"Yachtwerft Bodensee &#8211; Karlheinz Kaiser"},"content":{"rendered":"<p>[et_pb_section fb_built=&#8220;1&#8243; disabled_on=&#8220;on|on|on&#8220; _builder_version=&#8220;3.22.3&#8243; background_image=&#8220;http:\/\/preweb.yachtwerft-bodensee.de\/wp-content\/uploads\/2017\/11\/Yachtwerft-Bodensee.jpg&#8220; custom_margin=&#8220;|||&#8220; custom_padding=&#8220;|||&#8220; disabled=&#8220;on&#8220;][et_pb_row _builder_version=&#8220;3.22.3&#8243;][et_pb_column type=&#8220;1_3&#8243; _builder_version=&#8220;3.0.47&#8243;][\/et_pb_column][et_pb_column type=&#8220;2_3&#8243; _builder_version=&#8220;3.0.47&#8243;][et_pb_image src=&#8220;http:\/\/preweb.yachtwerft-bodensee.de\/wp-content\/uploads\/2017\/10\/KK-Logo_png.png&#8220; _builder_version=&#8220;3.0.86&#8243; box_shadow_style=&#8220;preset2&#8243; box_shadow_color=&#8220;rgba(0,0,0,0.68)&#8220; max_width=&#8220;45%&#8220; max_width_tablet=&#8220;77%&#8220; max_width_phone=&#8220;100%&#8220; max_width_last_edited=&#8220;on|phone&#8220; module_alignment=&#8220;right&#8220;][\/et_pb_image][\/et_pb_column][\/et_pb_row][\/et_pb_section][et_pb_section fb_built=&#8220;1&#8243; _builder_version=&#8220;3.22.3&#8243; use_background_color_gradient=&#8220;on&#8220; background_color_gradient_start=&#8220;rgba(58,58,58,0.66)&#8220; background_color_gradient_end=&#8220;rgba(247,247,247,0)&#8220; background_color_gradient_type=&#8220;radial&#8220; background_color_gradient_end_position=&#8220;38%&#8220; background_color_gradient_overlays_image=&#8220;on&#8220; background_image=&#8220;http:\/\/preweb.yachtwerft-bodensee.de\/wp-content\/uploads\/2017\/10\/KK-Werft_Welle2.jpg&#8220; custom_margin=&#8220;|||&#8220; custom_padding=&#8220;0px||138px|&#8220;][et_pb_row custom_padding=&#8220;0px|0px|26px|0px&#8220; module_class=&#8220; et_pb_row_fullwidth&#8220; _builder_version=&#8220;3.22.3&#8243; background_size=&#8220;initial&#8220; background_position=&#8220;top_left&#8220; background_repeat=&#8220;repeat&#8220; width=&#8220;89%&#8220; width_tablet=&#8220;80%&#8220; width_last_edited=&#8220;on|desktop&#8220; max_width=&#8220;89%&#8220; max_width_tablet=&#8220;80%&#8220; max_width_last_edited=&#8220;on|desktop&#8220; make_fullwidth=&#8220;on&#8220;][et_pb_column type=&#8220;4_4&#8243; _builder_version=&#8220;3.0.47&#8243;][et_pb_image src=&#8220;http:\/\/preweb.yachtwerft-bodensee.de\/wp-content\/uploads\/2017\/10\/Logo_KK_transp2-1.png&#8220; align=&#8220;center&#8220; _builder_version=&#8220;3.0.86&#8243; max_width=&#8220;80%&#8220; module_alignment=&#8220;center&#8220;][\/et_pb_image][\/et_pb_column][\/et_pb_row][\/et_pb_section][et_pb_section fb_built=&#8220;1&#8243; fullwidth=&#8220;on&#8220; _builder_version=&#8220;3.0.86&#8243; background_color=&#8220;#f7f7f7&#8243; background_size=&#8220;initial&#8220; custom_margin=&#8220;|||&#8220; custom_padding=&#8220;|0px|0px|0px&#8220; animation_style=&#8220;roll&#8220; global_module=&#8220;213512&#8243; saved_tabs=&#8220;all&#8220;][et_pb_fullwidth_image src=&#8220;http:\/\/preweb.yachtwerft-bodensee.de\/wp-content\/uploads\/2017\/10\/rote-linie.jpg&#8220; _builder_version=&#8220;3.0.86&#8243;][\/et_pb_fullwidth_image][\/et_pb_section][et_pb_section fb_built=&#8220;1&#8243; admin_label=&#8220;Collections&#8220; _builder_version=&#8220;3.22.3&#8243; background_color=&#8220;#f7f7f7&#8243; background_image=&#8220;http:\/\/preweb.yachtwerft-bodensee.de\/wp-content\/uploads\/2017\/11\/HOC-Riss_Higu.jpg&#8220; custom_margin=&#8220;|||&#8220; custom_padding=&#8220;0px|0px|54px|0px&#8220;][et_pb_row custom_padding=&#8220;151px||0px|&#8220; custom_padding_tablet=&#8220;80px||0px|&#8220; custom_padding_phone=&#8220;50px||0px|&#8220; custom_margin=&#8220;|||&#8220; make_equal=&#8220;on&#8220; custom_padding_last_edited=&#8220;on|tablet&#8220; use_background_color_gradient_1=&#8220;on&#8220; background_color_gradient_start_1=&#8220;#0e4490&#8243; background_color_gradient_end_1=&#8220;#0fb8c4&#8243; background_color_gradient_direction_1=&#8220;35deg&#8220; padding_top_2=&#8220;40px&#8220; padding_right_1=&#8220;5%&#8220; padding_right_2=&#8220;40px&#8220; padding_bottom_2=&#8220;40px&#8220; padding_left_1=&#8220;5%&#8220; padding_left_2=&#8220;40px&#8220; padding_2_phone=&#8220;10px|10px|1px|10px&#8220; padding_1_last_edited=&#8220;on|phone&#8220; padding_2_last_edited=&#8220;on|phone&#8220; _builder_version=&#8220;3.22.3&#8243; background_size=&#8220;initial&#8220; background_position=&#8220;top_left&#8220; background_repeat=&#8220;repeat&#8220; box_shadow_style=&#8220;preset3&#8243; box_shadow_vertical=&#8220;40px&#8220; box_shadow_blur=&#8220;50px&#8220; box_shadow_color=&#8220;rgba(0,0,0,0.1)&#8220; module_alignment=&#8220;center&#8220; custom_margin_last_edited=&#8220;on|desktop&#8220;][et_pb_column type=&#8220;1_2&#8243; _builder_version=&#8220;3.0.47&#8243;][et_pb_image src=&#8220;http:\/\/preweb.yachtwerft-bodensee.de\/wp-content\/uploads\/2017\/11\/Karlheinz-Kaiser_01.png&#8220; align=&#8220;center&#8220; force_fullwidth=&#8220;on&#8220; always_center_on_mobile=&#8220;off&#8220; _builder_version=&#8220;3.0.83&#8243; box_shadow_style=&#8220;preset3&#8243; box_shadow_horizontal=&#8220;13px&#8220; box_shadow_vertical=&#8220;42px&#8220; box_shadow_blur=&#8220;45px&#8220; box_shadow_spread=&#8220;-3px&#8220; box_shadow_color=&#8220;rgba(0,0,0,0.1)&#8220; custom_margin=&#8220;-20px||-20px|&#8220; custom_padding=&#8220;|||&#8220; animation_style=&#8220;zoom&#8220; animation_direction=&#8220;left&#8220; animation_intensity_zoom=&#8220;6%&#8220; animation_starting_opacity=&#8220;100%&#8220;][\/et_pb_image][\/et_pb_column][et_pb_column type=&#8220;1_2&#8243; _builder_version=&#8220;3.0.47&#8243;][et_pb_text _builder_version=&#8220;3.0.86&#8243; text_line_height=&#8220;1.9em&#8220; module_alignment=&#8220;center&#8220; custom_margin=&#8220;||30px|&#8220;]<\/p>\n<p><span style=\"font-size: x-large;\">Ansteuerung: <\/span><\/p>\n<h2><span style=\"font-size: x-large;\">Service-Werft am Bodensee<\/span><\/h2>\n<p>Mit <strong>40 Jahren Erfahrung im Bootsbau<\/strong> bieten wir Qualit\u00e4t, die auch h\u00f6chsten Anspr\u00fcchen gen\u00fcgt. Profitieren Sie von unserer Professionalit\u00e4t und unserer Begeisterung f\u00fcr Schiffe &#8211; egal ob modern oder Oldtimer, egal ob Racer oder gem\u00fctliches Fahrtenboot.<\/p>\n<p>Ihr Karlheinz Kaiser<br \/> <em>Bootsbauer aus Leidenschaft<\/em><\/p>\n<p>[\/et_pb_text][et_pb_button button_url=&#8220;http:\/\/preweb.yachtwerft-bodensee.de\/?page_id=213303&#8243; button_text=&#8220;Kontakt&#8220; _builder_version=&#8220;3.22.7&#8243; custom_margin=&#8220;20px|||&#8220; custom_padding=&#8220;12px|28px|12px|28px&#8220; button_text_size__hover_enabled=&#8220;off&#8220; button_one_text_size__hover_enabled=&#8220;off&#8220; button_two_text_size__hover_enabled=&#8220;off&#8220; button_text_color__hover_enabled=&#8220;off&#8220; button_one_text_color__hover_enabled=&#8220;off&#8220; button_two_text_color__hover_enabled=&#8220;off&#8220; button_border_width__hover_enabled=&#8220;off&#8220; button_one_border_width__hover_enabled=&#8220;off&#8220; button_two_border_width__hover_enabled=&#8220;off&#8220; button_border_color__hover_enabled=&#8220;off&#8220; button_one_border_color__hover_enabled=&#8220;off&#8220; button_two_border_color__hover_enabled=&#8220;off&#8220; button_border_radius__hover_enabled=&#8220;off&#8220; button_one_border_radius__hover_enabled=&#8220;off&#8220; button_two_border_radius__hover_enabled=&#8220;off&#8220; button_letter_spacing__hover_enabled=&#8220;off&#8220; button_one_letter_spacing__hover_enabled=&#8220;off&#8220; button_two_letter_spacing__hover_enabled=&#8220;off&#8220; button_bg_color__hover_enabled=&#8220;off&#8220; button_one_bg_color__hover_enabled=&#8220;off&#8220; button_two_bg_color__hover_enabled=&#8220;off&#8220;][\/et_pb_button][\/et_pb_column][\/et_pb_row][\/et_pb_section][et_pb_section fb_built=&#8220;1&#8243; admin_label=&#8220;Featured Products&#8220; _builder_version=&#8220;3.22.3&#8243; background_color=&#8220;#f7f7f7&#8243;][et_pb_row custom_padding=&#8220;5px|0px|0px|0px&#8220; custom_margin=&#8220;|||&#8220; padding_top_1=&#8220;55px&#8220; padding_bottom_1=&#8220;52px&#8220; _builder_version=&#8220;3.22.3&#8243; background_size=&#8220;initial&#8220; background_position=&#8220;top_left&#8220; background_repeat=&#8220;repeat&#8220;][et_pb_column type=&#8220;4_4&#8243; _builder_version=&#8220;3.0.47&#8243;][et_pb_text _builder_version=&#8220;3.0.86&#8243; header_2_font=&#8220;|600|||||||&#8220; header_2_text_align=&#8220;center&#8220; header_2_text_color=&#8220;#ce141a&#8220; header_2_font_size=&#8220;40px&#8220; header_2_font_size_tablet=&#8220;36px&#8220; header_2_font_size_phone=&#8220;26px&#8220; header_2_font_size_last_edited=&#8220;on|phone&#8220; header_2_line_height=&#8220;1.5em&#8220; background_size=&#8220;initial&#8220; background_position=&#8220;top_left&#8220; background_repeat=&#8220;repeat&#8220; text_orientation=&#8220;center&#8220; module_alignment=&#8220;center&#8220; custom_margin=&#8220;||NaNpx|&#8220; custom_margin_last_edited=&#8220;on|&#8220; locked=&#8220;off&#8220;]<\/p>\n<h2>Was wir Bootsbauer k\u00f6nnen<\/h2>\n<p>[\/et_pb_text][et_pb_text _builder_version=&#8220;3.0.86&#8243; header_5_font_size=&#8220;18px&#8220; text_orientation=&#8220;center&#8220; max_width=&#8220;700px&#8220; max_width_phone=&#8220;350px&#8220; max_width_last_edited=&#8220;on|phone&#8220; module_alignment=&#8220;center&#8220;] Vollservice ist unsere St\u00e4rke &#8211; Qualit\u00e4t unsere Passion [\/et_pb_text][\/et_pb_column][\/et_pb_row][et_pb_row use_custom_gutter=&#8220;on&#8220; gutter_width=&#8220;2&#8243; custom_padding=&#8220;26px|0px|0px|0px&#8220; _builder_version=&#8220;3.22.3&#8243; background_size=&#8220;initial&#8220; background_position=&#8220;top_left&#8220; background_repeat=&#8220;repeat&#8220;][et_pb_column type=&#8220;1_4&#8243; _builder_version=&#8220;3.0.47&#8243;][et_pb_blurb title=&#8220;Portfolio&#8220; url=&#8220;\/werkstatt\/&#8220; use_icon=&#8220;on&#8220; font_icon=&#8220;%%30%%&#8220; icon_color=&#8220;#f7f7f7&#8243; use_circle=&#8220;on&#8220; use_icon_font_size=&#8220;on&#8220; icon_font_size=&#8220;39px&#8220; disabled_on=&#8220;on||&#8220; _builder_version=&#8220;3.0.86&#8243; header_level=&#8220;h2&#8243; header_font_size=&#8220;20px&#8220; text_orientation=&#8220;center&#8220;][\/et_pb_blurb][et_pb_text disabled_on=&#8220;on||&#8220; _builder_version=&#8220;3.0.95&#8243; text_font=&#8220;||||||||&#8220; text_font_size=&#8220;12px&#8220; header_3_font_size=&#8220;18px&#8220; text_orientation=&#8220;center&#8220; module_alignment=&#8220;center&#8220;]<\/p>\n<p><a href=\"http:\/\/preweb.yachtwerft-bodensee.de\/holzbootsbau\/\"><strong>Holzarbeiten<\/strong><\/a>, Steven, Interieur, Pinne, Ruderblatt, Kielschwein, <strong><a href=\"http:\/\/preweb.yachtwerft-bodensee.de\/re-fit-von-oldtimer-yachten\/\">Refit Oldtimeryachten<\/a><\/strong>, Mastfu\u00df, Mastst\u00fctze, Bugkorb, Heckkorb, P\u00fcttinge, stehendes Gut, laufendes Gut, <a href=\"http:\/\/preweb.yachtwerft-bodensee.de\/karlheinz-kaiser-werft-2\/\"><strong>Riggservice<\/strong><\/a><strong>,<\/strong> Osmosebehandlung, Gelcoat, Lackierung, Pflege, Unterwasserschiff, Antifouling, <a href=\"http:\/\/preweb.yachtwerft-bodensee.de\/schiffs-boot-reparaturen\/\"><strong>Schiffs-Reparaturen<\/strong><\/a>, Reling, Teakdeck, Backskiste, Schiffselektronik, Bugstrahlruder, Rollreffanlage, <a href=\"http:\/\/preweb.yachtwerft-bodensee.de\/schiffstechnik\/\"><strong>Schiffstechnik<\/strong><\/a>, Saildrive, Drehfl\u00fcgel Propeller, <a href=\"http:\/\/preweb.yachtwerft-bodensee.de\/schiffs-boot-reparaturen\/\"><strong>Motorenservice<\/strong><\/a>, Restauration Klassik Boote, <a href=\"http:\/\/preweb.yachtwerft-bodensee.de\/winterlager\/\"><strong>Winterlager<\/strong><\/a><strong>,<\/strong> mobile Werft, Beratung\u00a0 &#8230;<\/p>\n<p>[\/et_pb_text][et_pb_image src=&#8220;http:\/\/preweb.yachtwerft-bodensee.de\/wp-content\/uploads\/2017\/11\/KK-Welle.png&#8220; disabled_on=&#8220;on||&#8220; _builder_version=&#8220;3.0.86&#8243;][\/et_pb_image][\/et_pb_column][et_pb_column type=&#8220;1_4&#8243; _builder_version=&#8220;3.0.47&#8243;][et_pb_blurb title=&#8220;Service \/ Werkstatt&#8220; url=&#8220;\/werkstatt\/&#8220; use_icon=&#8220;on&#8220; font_icon=&#8220;%%30%%&#8220; icon_color=&#8220;#f7f7f7&#8243; use_circle=&#8220;on&#8220; circle_color=&#8220;#ce141a&#8220; use_icon_font_size=&#8220;on&#8220; icon_font_size=&#8220;39px&#8220; icon_font_size_phone=&#8220;18px&#8220; icon_font_size_last_edited=&#8220;on|phone&#8220; _builder_version=&#8220;3.0.86&#8243; header_level=&#8220;h2&#8243; header_font_size=&#8220;20px&#8220; text_orientation=&#8220;center&#8220;][\/et_pb_blurb][et_pb_image src=&#8220;http:\/\/preweb.yachtwerft-bodensee.de\/wp-content\/uploads\/2017\/10\/Holzbootsbau_Kaiser.jpg&#8220; url=&#8220;\/mobile-werft\/&#8220; use_overlay=&#8220;on&#8220; overlay_icon_color=&#8220;#ffffff&#8220; hover_overlay_color=&#8220;rgba(14,68,144,0.68)&#8220; hover_icon=&#8220;%%32%%&#8220; disabled_on=&#8220;on||&#8220; _builder_version=&#8220;3.0.86&#8243; use_background_color_gradient=&#8220;on&#8220; background_color_gradient_start=&#8220;#0e4490&#8243; background_color_gradient_end=&#8220;#0fb8c4&#8243; background_color_gradient_direction=&#8220;9deg&#8220; background_color_gradient_end_position=&#8220;67%&#8220; animation_style=&#8220;fade&#8220; animation_direction=&#8220;left&#8220; animation_delay=&#8220;200ms&#8220;][\/et_pb_image][\/et_pb_column][et_pb_column type=&#8220;1_4&#8243; _builder_version=&#8220;3.0.47&#8243;][et_pb_blurb title=&#8220;mobile Werft&#8220; url=&#8220;\/mobile-werft\/&#8220; use_icon=&#8220;on&#8220; font_icon=&#8220;%%30%%&#8220; icon_color=&#8220;#f7f7f7&#8243; use_circle=&#8220;on&#8220; circle_color=&#8220;#ce141a&#8220; use_icon_font_size=&#8220;on&#8220; icon_font_size=&#8220;39px&#8220; _builder_version=&#8220;3.0.86&#8243; header_level=&#8220;h2&#8243; header_font_size=&#8220;20px&#8220; text_orientation=&#8220;center&#8220;][\/et_pb_blurb][et_pb_image src=&#8220;http:\/\/preweb.yachtwerft-bodensee.de\/wp-content\/uploads\/2017\/10\/mobile-Werft-KKaiser.jpg&#8220; url=&#8220;\/mobile-Werft\/&#8220; use_overlay=&#8220;on&#8220; overlay_icon_color=&#8220;#ffffff&#8220; hover_overlay_color=&#8220;rgba(14,68,144,0.73)&#8220; hover_icon=&#8220;%%32%%&#8220; disabled_on=&#8220;on||&#8220; _builder_version=&#8220;3.0.83&#8243; use_background_color_gradient=&#8220;on&#8220; animation_style=&#8220;fade&#8220; animation_direction=&#8220;left&#8220; animation_delay=&#8220;300ms&#8220;][\/et_pb_image][\/et_pb_column][et_pb_column type=&#8220;1_4&#8243; _builder_version=&#8220;3.0.47&#8243;][et_pb_blurb title=&#8220;Winterlager&#8220; url=&#8220;\/winterlager\/&#8220; use_icon=&#8220;on&#8220; font_icon=&#8220;%%30%%&#8220; icon_color=&#8220;#f7f7f7&#8243; use_circle=&#8220;on&#8220; circle_color=&#8220;#ce141a&#8220; use_icon_font_size=&#8220;on&#8220; icon_font_size=&#8220;39px&#8220; _builder_version=&#8220;3.0.86&#8243; header_level=&#8220;h2&#8243; header_font=&#8220;||||||||&#8220; header_font_size=&#8220;20px&#8220; text_orientation=&#8220;center&#8220;][\/et_pb_blurb][et_pb_image src=&#8220;http:\/\/preweb.yachtwerft-bodensee.de\/wp-content\/uploads\/2017\/10\/Winterlager_Kressbronn.jpg&#8220; url=&#8220;\/winterlager\/&#8220; use_overlay=&#8220;on&#8220; overlay_icon_color=&#8220;#ffffff&#8220; hover_overlay_color=&#8220;rgba(14,68,144,0.73)&#8220; hover_icon=&#8220;%%32%%&#8220; disabled_on=&#8220;on||&#8220; _builder_version=&#8220;3.0.83&#8243; use_background_color_gradient=&#8220;on&#8220; animation_style=&#8220;fade&#8220; animation_direction=&#8220;left&#8220; animation_delay=&#8220;100ms&#8220;][\/et_pb_image][\/et_pb_column][\/et_pb_row][\/et_pb_section][et_pb_section fb_built=&#8220;1&#8243; _builder_version=&#8220;3.0.86&#8243; background_color=&#8220;#f7f7f7&#8243; background_image=&#8220;http:\/\/preweb.yachtwerft-bodensee.de\/wp-content\/uploads\/2017\/11\/Trennlinie_KK.png&#8220; background_size=&#8220;initial&#8220; custom_padding=&#8220;0px|0px|0px|0px&#8220; global_module=&#8220;213561&#8243;][\/et_pb_section][et_pb_section fb_built=&#8220;1&#8243; fullwidth=&#8220;on&#8220; _builder_version=&#8220;3.0.86&#8243; background_color=&#8220;#f7f7f7&#8243; background_size=&#8220;initial&#8220; custom_margin=&#8220;|||&#8220; custom_padding=&#8220;|0px|0px|0px&#8220; animation_style=&#8220;roll&#8220; global_module=&#8220;213512&#8243; saved_tabs=&#8220;all&#8220;][et_pb_fullwidth_image src=&#8220;http:\/\/preweb.yachtwerft-bodensee.de\/wp-content\/uploads\/2017\/10\/rote-linie.jpg&#8220; _builder_version=&#8220;3.0.86&#8243;][\/et_pb_fullwidth_image][\/et_pb_section][et_pb_section fb_built=&#8220;1&#8243; disabled_on=&#8220;off|off|off&#8220; admin_label=&#8220;Footer&#8220; _builder_version=&#8220;3.0.86&#8243; background_color=&#8220;#303030&#8243; use_background_color_gradient=&#8220;on&#8220; background_color_gradient_start=&#8220;#0e4490&#8243; background_color_gradient_end=&#8220;#303030&#8243; background_color_gradient_start_position=&#8220;35%&#8220; max_width_last_edited=&#8220;on|phone&#8220; module_alignment=&#8220;center&#8220; custom_padding=&#8220;0px|0px|0px|0px&#8220; animation_style=&#8220;slide&#8220; animation_direction=&#8220;bottom&#8220; animation_intensity_slide=&#8220;14%&#8220; animation_starting_opacity=&#8220;100%&#8220; global_module=&#8220;213534&#8243; saved_tabs=&#8220;all&#8220; locked=&#8220;off&#8220;][et_pb_row _builder_version=&#8220;3.22.3&#8243; background_color_gradient_direction=&#8220;38deg&#8220; module_alignment=&#8220;center&#8220; locked=&#8220;off&#8220;][et_pb_column type=&#8220;1_4&#8243; _builder_version=&#8220;3.0.47&#8243;][et_pb_image src=&#8220;http:\/\/preweb.yachtwerft-bodensee.de\/wp-content\/uploads\/2017\/11\/Kundensuche.png&#8220; url=&#8220;\/kontakt\/&#8220; _builder_version=&#8220;3.0.86&#8243; max_width=&#8220;72%&#8220; module_alignment=&#8220;center&#8220;][\/et_pb_image][\/et_pb_column][et_pb_column type=&#8220;1_4&#8243; _builder_version=&#8220;3.0.47&#8243;][et_pb_text _builder_version=&#8220;3.0.86&#8243; text_font=&#8220;||||||||&#8220; text_text_color=&#8220;rgba(0,0,0,0.5)&#8220; text_line_height=&#8220;1.9em&#8220; header_font=&#8220;||||||||&#8220; header_4_font=&#8220;|700||on|||||&#8220; header_4_font_size=&#8220;16px&#8220; header_4_letter_spacing=&#8220;1px&#8220; header_4_line_height=&#8220;1.5em&#8220; box_shadow_style=&#8220;preset6&#8243; background_layout=&#8220;dark&#8220; custom_margin=&#8220;||17px|&#8220; custom_padding=&#8220;11px|5px|5px|11px&#8220; locked=&#8220;off&#8220;]<\/p>\n<h4><span style=\"color: #f7f7f7;\">Werft<\/span><\/h4>\n<p style=\"margin-left: 30px;\"><span style=\"color: #ffffff;\">Yacht-Service<br \/> Karlheinz Kaiser<\/span><\/p>\n<p style=\"margin-left: 30px;\"><span style=\"color: #ffffff;\">S\u00e4ntisstrasse 31 <\/span><br \/> <span style=\"color: #ffffff;\">88079 Kressbronn<\/span><\/p>\n<p>[\/et_pb_text][\/et_pb_column][et_pb_column type=&#8220;1_2&#8243; _builder_version=&#8220;3.0.47&#8243;][et_pb_text _builder_version=&#8220;3.0.86&#8243; text_font=&#8220;||||||||&#8220; text_text_color=&#8220;rgba(0,0,0,0.5)&#8220; text_line_height=&#8220;1.9em&#8220; header_font=&#8220;||||||||&#8220; header_4_font=&#8220;|700||on|||||&#8220; header_4_font_size=&#8220;16px&#8220; header_4_letter_spacing=&#8220;1px&#8220; header_4_line_height=&#8220;1.5em&#8220; box_shadow_style=&#8220;preset6&#8243; background_layout=&#8220;dark&#8220; custom_margin=&#8220;|222px||&#8220; custom_margin_phone=&#8220;|5px||&#8220; custom_margin_last_edited=&#8220;on|phone&#8220; custom_padding=&#8220;11px|5px|5px|11px&#8220; locked=&#8220;off&#8220;]<\/p>\n<h4>Fon \/ Fax<\/h4>\n<p><span style=\"color: #ffffff;\">Tel: +49 7543 934 65 42<\/span><br \/> <span style=\"color: #ffffff;\">Fax: +49 7543 960 06 45<\/span><span style=\"color: #ffffff;\"><\/span><br \/> <span style=\"color: #ffffff;\">info(at)yachtwerft-bodensee.de<\/span><\/p>\n<p>[\/et_pb_text][\/et_pb_column][\/et_pb_row][\/et_pb_section]<\/p>\n","protected":false},"excerpt":{"rendered":"<p>[et_pb_section fb_built=&#8220;1&#8243; disabled_on=&#8220;on|on|on&#8220; _builder_version=&#8220;3.22.3&#8243; background_image=&#8220;http:\/\/preweb.yachtwerft-bodensee.de\/wp-content\/uploads\/2017\/11\/Yachtwerft-Bodensee.jpg&#8220; custom_margin=&#8220;|||&#8220; custom_padding=&#8220;|||&#8220; disabled=&#8220;on&#8220;][et_pb_row _builder_version=&#8220;3.22.3&#8243;][et_pb_column type=&#8220;1_3&#8243; _builder_version=&#8220;3.0.47&#8243;][\/et_pb_column][et_pb_column type=&#8220;2_3&#8243; _builder_version=&#8220;3.0.47&#8243;][et_pb_image src=&#8220;http:\/\/preweb.yachtwerft-bodensee.de\/wp-content\/uploads\/2017\/10\/KK-Logo_png.png&#8220; _builder_version=&#8220;3.0.86&#8243; box_shadow_style=&#8220;preset2&#8243; box_shadow_color=&#8220;rgba(0,0,0,0.68)&#8220; max_width=&#8220;45%&#8220; max_width_tablet=&#8220;77%&#8220; max_width_phone=&#8220;100%&#8220; max_width_last_edited=&#8220;on|phone&#8220; module_alignment=&#8220;right&#8220;][\/et_pb_image][\/et_pb_column][\/et_pb_row][\/et_pb_section][et_pb_section fb_built=&#8220;1&#8243; _builder_version=&#8220;3.22.3&#8243; use_background_color_gradient=&#8220;on&#8220; background_color_gradient_start=&#8220;rgba(58,58,58,0.66)&#8220; background_color_gradient_end=&#8220;rgba(247,247,247,0)&#8220; background_color_gradient_type=&#8220;radial&#8220; background_color_gradient_end_position=&#8220;38%&#8220; background_color_gradient_overlays_image=&#8220;on&#8220; background_image=&#8220;http:\/\/preweb.yachtwerft-bodensee.de\/wp-content\/uploads\/2017\/10\/KK-Werft_Welle2.jpg&#8220; custom_margin=&#8220;|||&#8220; custom_padding=&#8220;0px||138px|&#8220;][et_pb_row custom_padding=&#8220;0px|0px|26px|0px&#8220; module_class=&#8220; et_pb_row_fullwidth&#8220; _builder_version=&#8220;3.22.3&#8243; background_size=&#8220;initial&#8220; background_position=&#8220;top_left&#8220; background_repeat=&#8220;repeat&#8220; width=&#8220;89%&#8220; width_tablet=&#8220;80%&#8220; width_last_edited=&#8220;on|desktop&#8220; max_width=&#8220;89%&#8220; max_width_tablet=&#8220;80%&#8220; max_width_last_edited=&#8220;on|desktop&#8220; make_fullwidth=&#8220;on&#8220;][et_pb_column type=&#8220;4_4&#8243; _builder_version=&#8220;3.0.47&#8243;][et_pb_image src=&#8220;http:\/\/preweb.yachtwerft-bodensee.de\/wp-content\/uploads\/2017\/10\/Logo_KK_transp2-1.png&#8220; align=&#8220;center&#8220; _builder_version=&#8220;3.0.86&#8243; max_width=&#8220;80%&#8220; module_alignment=&#8220;center&#8220;][\/et_pb_image][\/et_pb_column][\/et_pb_row][\/et_pb_section][et_pb_section fb_built=&#8220;1&#8243; [&hellip;]<\/p>\n","protected":false},"author":3,"featured_media":0,"parent":0,"menu_order":0,"comment_status":"closed","ping_status":"closed","template":"","meta":{"_et_pb_use_builder":"on","_et_pb_old_content":"","footnotes":""},"class_list":["post-213265","page","type-page","status-publish","hentry"],"_links":{"self":[{"href":"http:\/\/www.yachtwerft-bodensee.de\/index.php?rest_route=\/wp\/v2\/pages\/213265"}],"collection":[{"href":"http:\/\/www.yachtwerft-bodensee.de\/index.php?rest_route=\/wp\/v2\/pages"}],"about":[{"href":"http:\/\/www.yachtwerft-bodensee.de\/index.php?rest_route=\/wp\/v2\/types\/page"}],"author":[{"embeddable":true,"href":"http:\/\/www.yachtwerft-bodensee.de\/index.php?rest_route=\/wp\/v2\/users\/3"}],"replies":[{"embeddable":true,"href":"http:\/\/www.yachtwerft-bodensee.de\/index.php?rest_route=%2Fwp%2Fv2%2Fcomments&post=213265"}],"version-history":[{"count":92,"href":"http:\/\/www.yachtwerft-bodensee.de\/index.php?rest_route=\/wp\/v2\/pages\/213265\/revisions"}],"predecessor-version":[{"id":214080,"href":"http:\/\/www.yachtwerft-bodensee.de\/index.php?rest_route=\/wp\/v2\/pages\/213265\/revisions\/214080"}],"wp:attachment":[{"href":"http:\/\/www.yachtwerft-bodensee.de\/index.php?rest_route=%2Fwp%2Fv2%2Fmedia&parent=213265"}],"curies":[{"name":"wp","href":"https:\/\/api.w.org\/{rel}","templated":true}]}}